{"id":10644,"date":"2014-12-03T13:26:57","date_gmt":"2014-12-03T11:26:57","guid":{"rendered":"http:\/\/demo.thinkupcloud.com\/renden-pro\/?page_id=2"},"modified":"2022-08-24T20:39:21","modified_gmt":"2022-08-24T17:39:21","slug":"sample-page","status":"publish","type":"page","link":"https:\/\/reviiri.org\/?page_id=10644","title":{"rendered":"Sopimusten hallinta"},"content":{"rendered":"<h2>Pikaohje: sopimuksen luonti<\/h2>\n<p>Seuraavissa kohdissa oleviin tarkempiin ohjeisiinkin on syyt\u00e4 tutustua, mutta ensimm\u00e4isen\u00e4 pikaohje uuden sopimuksen luontiin:<\/p>\n<ol>\n<li>Kirjaudu Reviiri-j\u00e4rjestelm\u00e4\u00e4n ja siirry <em>Vuokrasopimukset<\/em>-v\u00e4lilehdelle. Napsauta <em>uusi sopimus<\/em>-nappia.<\/li>\n<li>Siirryt karttan\u00e4kym\u00e4\u00e4n. Siirry kartalla oikealle alueelle ja napsauta hiirell\u00e4 tilaa, jolta vuokrasopimus tehd\u00e4\u00e4n.<\/li>\n<li>Tilan tiedot ilmaantuvat oikeaan laitaan <em>Valittu tila<\/em>-laatikkoon. Napsauta <em>hyv\u00e4ksy<\/em>-nappia ja tila vaihtaa v\u00e4rins\u00e4 vihre\u00e4ksi sek\u00e4 siirtyy\u00a0<em>Sopimusalueet<\/em>-listaan.<\/li>\n<li>Toista edellisi\u00e4, kunnes kaikki samalle sopimukselle listattavat kiinteist\u00f6t ovat mukana.<\/li>\n<li>Avaa sopimuslomake napsauttamalla <em>sopimus<\/em>-nappia.<\/li>\n<li>T\u00e4yt\u00e4 kaikki sopimuksen tiedot (vuokranantaja, yhteystiedot, mets\u00e4stett\u00e4v\u00e4t lajit, voimassaolo, vastike, koirien irtipidon tiedot, mahdolliset muut ehdot) kohdalleen ja napsauta sitten <em>merkitse hyv\u00e4ksytyksi<\/em>-nappia. Vastaa <em>kyll\u00e4<\/em> vahvistaaksesi siirron.<\/li>\n<li>T\u00e4yt\u00e4 kohdalleen allekirjoitusaika ja -paikka, ellet niit\u00e4 jo edellisess\u00e4 kohdassa t\u00e4ytt\u00e4nyt, ja napsauta <em>tulostettava versio<\/em>-nappia.<\/li>\n<li>Tulosta t\u00e4m\u00e4 tulostettava versio liitteineen ja allekirjoita se yhdess\u00e4 vuokranantajan kanssa.<\/li>\n<li>Napsauta <em>Allekirjoita<\/em>-nappia ja vastaa <em>kyll\u00e4<\/em> vahvistaaksesi allekirjoituksen.<\/li>\n<li>Sopimus on nyt voimassa.<\/li>\n<\/ol>\n<div class=\"arconix-box arconix-box-lgrey\"><i class='fa fa-2x pull-left fa-info-circle'><\/i><div class=\"arconix-box-content\"><strong>Oletko siirtym\u00e4ss\u00e4 Reviiriin jostakin toisesta j\u00e4rjestelm\u00e4st\u00e4?<\/strong> Mik\u00e4li sopimuskanta on jo olemassa jossakin tietoj\u00e4rjestelm\u00e4ss\u00e4, se saattaa olla mahdollista siirt\u00e4\u00e4 Reviiriin sellaisenaan. Siirron voi tehd\u00e4 itse tai teett\u00e4\u00e4 siirron korvausta vastaan. <a href=\"https:\/\/reviiri.org\/?page_id=11474\">Lis\u00e4tietoja t\u00e4\u00e4lt\u00e4<\/a>.<\/div><\/div>\n<h2>Sopimuksen ty\u00f6nkulku<\/h2>\n<p>Reviiri-j\u00e4rjestelm\u00e4 on suunniteltu auttamaan seuran toimihenkil\u00f6it\u00e4 pysym\u00e4\u00e4n ajan tasalla niin omistaan kuin toistensa tekemist\u00e4kin sopimuksista. T\u00e4t\u00e4 tarkoitusta varten vuokrasopimuksella on tietty ty\u00f6nkulku, joka kertoo miss\u00e4 vaiheessa sopimuksen tekeminen etenee.<\/p>\n<ul>\n<li>Kun uusi sopimus aloitetaan, sen tila on <em>luonnos<\/em>. T\u00e4llaisen sopimuksen tiedot saattavat olla puutteellisia, tai keskustelut maanomistajan kanssa ovat viel\u00e4 menossa.<\/li>\n<li>Siin\u00e4 vaiheessa, kun sopimuksen tiedot ovat kunnossa ja seura on samaa mielt\u00e4 maanomistajan kanssa sis\u00e4ll\u00f6st\u00e4, siirret\u00e4\u00e4n sopimus tilaan <em>hyv\u00e4ksytty<\/em>. Mik\u00e4li sopimusta ollaan tekem\u00e4ss\u00e4 yhdess\u00e4 maanomistajan kanssa esimerkiksi is\u00e4nn\u00e4n pirtinp\u00f6yd\u00e4n \u00e4\u00e4ress\u00e4, se voidaan allekirjoittaa saman tien, jolloin sopimus ei <em>hyv\u00e4ksytty<\/em>-tilassa kovin kauan viivy, vaan se allekirjoitetaan saman tien. Silloin taas, kun maanomistajaan ollaan yhteydess\u00e4 esimerkiksi puhelimitse ja sopimuspaperit kulkevat postitse, merkit\u00e4\u00e4n sopimus hyv\u00e4ksytyksi siin\u00e4 vaiheessa kun paperit l\u00e4htev\u00e4t allekirjoitettaviksi. T\u00e4ss\u00e4 vaiheessa sopimukseen ei en\u00e4\u00e4 tehd\u00e4 muutoksia, mutta alueet eiv\u00e4t toisaalta n\u00e4y viel\u00e4 sopimusalueiden listassakaan.<\/li>\n<li>Allekirjoitettu sopimus siirret\u00e4\u00e4n <em>voimassa<\/em>-tilaan. T\u00e4ll\u00f6in sopimuksella olevat mets\u00e4stysalueet n\u00e4kyv\u00e4t kartoissa ja raporteissa. Voimassa olevaa sopimusta ei en\u00e4\u00e4 voi muokata; sen voi ainoastaan irtisanoa.<\/li>\n<li>M\u00e4\u00e4r\u00e4aikaisen sopimuksen loppup\u00e4iv\u00e4m\u00e4\u00e4r\u00e4n tullessa vastaan tai kun sopimus sanotaan erikseen irti, sopimus siirtyy <em>umpeutunut<\/em>-tilaan. Umpeutunut sopimus voi toimia pohjana uudelle sopimukselle, joka l\u00e4htee\u00e4 liikkeelle taas <em>luonnos<\/em>-tilasta, tai se voidaan poistaa n\u00e4kyvist\u00e4.<\/li>\n<\/ul>\n<h2>Sopimuslista<\/h2>\n<p>Sopimuslista, joka n\u00e4kyy <em>Vuokrasopimukset<\/em>-v\u00e4lilehdell\u00e4, on jaettu erillisiin taulukoihin edellisess\u00e4 kohdassa kuvatun sopimuksen ty\u00f6nkulun perusteella. Taulukkorivin oikeassa laidassa olevia nappeja painamalla saa n\u00e4kyviin kunkin sopimuksen tiedot (lomakkeen kuva) ja kyseisen sopimuksen alueet kartalla (maapallon kuva). Lis\u00e4ksi kesken olevia sopimuksia voi poistaa roskakorinapilla.<\/p>\n<p>Sopimuslomakkeena k\u00e4ytet\u00e4\u00e4n Suomen Mets\u00e4st\u00e4j\u00e4liiton tarjoamaa sopimuspohjaa. Muut tiedot ovat vapaasti muokattavissa my\u00f6s sopimuslistasta k\u00e4sin, mutta vuokrattujen alueiden lis\u00e4\u00e4minen tapahtuu vain karttan\u00e4kym\u00e4st\u00e4. Sopimuksen siirt\u00e4minen ty\u00f6nkulun tilasta toiseen tapahtuu sopimuslomakkeen alareunassa olevien nappien avulla.<\/p>\n<p>Koska voimassa olevia sopimuksia voi suurella seuralla olla satoja, voi n\u00e4it\u00e4 sopimuksia suodattaa n\u00e4kym\u00e4ss\u00e4 helposti l\u00f6yt\u00e4\u00e4kseen juuri sen sopimuksen, jota etsii. T\u00e4m\u00e4 tapahtuu kirjoittamalla jotakin <em>suodatin<\/em>-kentt\u00e4\u00e4n. T\u00e4m\u00e4n j\u00e4lkeen lista p\u00e4ivittyy niin, ett\u00e4 ainoastaan sellaiset sopimukset, joiden joissakin tiedoissa on tuo kirjoitettu sana, j\u00e4\u00e4v\u00e4t n\u00e4kyviin. T\u00e4ll\u00e4 tavalla l\u00f6yt\u00e4\u00e4 helposti my\u00f6s sopimuksen, johon kuuluu jokin tietty kiinteist\u00f6, kirjoittamalla kyseisen kiinteist\u00f6n rekisterinumeron tai osan siit\u00e4 suodattimeen.<\/p>\n<h2>Sopimuksen karttan\u00e4kym\u00e4<\/h2>\n<p>Karttan\u00e4kym\u00e4ss\u00e4 n\u00e4kyy maastokartta, ja sen p\u00e4\u00e4ll\u00e4 kiinteist\u00f6raja- ja numerotiedot. Karttaa voi selata hiirell\u00e4 raahaamalla ja hiiren rullalla suurentamalla ja pienent\u00e4m\u00e4ll\u00e4. Kosketusn\u00e4yt\u00f6ll\u00e4 sormella raahaaminen ja kahdella sormella skaalaaminen toimii vastaavasti. My\u00f6s ruudun vasemmassa laidassa olevia plus- ja miinusnappeja voi k\u00e4ytt\u00e4\u00e4 kartan skaalaamiseen. Suurennuslasinapin avulla voi etsi\u00e4 tilaa, jonka kiinteist\u00f6rekisterinumero on tiedossa.<\/p>\n<p>Kun kartalla olevaa tilaa napsauttaa, se valitaan (korostetaan punaisella) ja sen tiedot n\u00e4ytet\u00e4\u00e4n oikeassa laidassa <em>Valittu tila<\/em> -laatikossa. Mik\u00e4li kiinteist\u00f6 koostuu useista palstoista, n\u00e4m\u00e4 palstat n\u00e4ytet\u00e4\u00e4n erikseen. Jos sopimuksen ei haluta koskevan kaikkia kiinteist\u00f6n palstoja, voi yksitt\u00e4isen palstan poistaa kullakin rivill\u00e4 olevalla <em>pois<\/em>-napilla.<\/p>\n<p>Silloin, kun sovittavan mets\u00e4stysalueen raja ei kulje palstan rajaa pitkin, vaan esimerkiksi jonkin maastokohteen reunaa my\u00f6den, palstan voi pilkkoa osiin k\u00e4ytt\u00e4m\u00e4ll\u00e4 <em>Valittu tila<\/em> -otsikon vieress\u00e4 n\u00e4kyv\u00e4\u00e4 <em>pilko<\/em>-nappia. T\u00e4m\u00e4n napin painamisen j\u00e4lkeen ruudulle ilmaantuu ohjeet pilkkomista varten; napsauta hiirt\u00e4 jossakin palstan alueen ulkopuolella, ja rajaa leikattava pala t\u00e4m\u00e4n j\u00e4lkeen palstan sis\u00e4ll\u00e4 napsauttamalla. Viimeinen napsautus on j\u00e4lleen palstan ulkopuolella, ja palsta jaetaan merkitty\u00e4 viivaa pitkin. Nyt n\u00e4m\u00e4 osat ovat erikseen poistettavissa, kuten palstatkin normaalisti.<\/p>\n<p>Kun halutut palstat on valittu ja mahdollisesti pilkottu, saadaan j\u00e4ljell\u00e4 oleva osuus kiinteist\u00f6st\u00e4 mukaan sopimukselle <em>hyv\u00e4ksy<\/em>-nappia napsauttamalla. T\u00e4ll\u00f6in tila siirtyy oikean laidan <em>sopimusalueet<\/em>-listaan. T\u00e4st\u00e4 listasta voi tarpeen vaatiessa poistaa tiloja kunkin rivin <em>pois<\/em>-napilla, ja\u00a0<em>sopimus<\/em>-napilla saa n\u00e4kyviin sopimuslomakkeen samoin kuin sopimuslistan\u00e4kym\u00e4ss\u00e4kin.<\/p>\n","protected":false},"excerpt":{"rendered":"<p>Pikaohje: sopimuksen luonti Seuraavissa kohdissa oleviin tarkempiin ohjeisiinkin on syyt\u00e4 tutustua, mutta ensimm\u00e4isen\u00e4 pikaohje uuden sopimuksen luontiin: Kirjaudu Reviiri-j\u00e4rjestelm\u00e4\u00e4n ja siirry Vuokrasopimukset-v\u00e4lilehdelle. Napsauta uusi sopimus-nappia. Siirryt karttan\u00e4kym\u00e4\u00e4n. Siirry kartalla oikealle alueelle ja napsauta hiirell\u00e4 tilaa, jolta vuokrasopimus tehd\u00e4\u00e4n. Tilan tiedot ilmaantuvat oikeaan laitaan Valittu tila-laatikkoon. Napsauta hyv\u00e4ksy-nappia ja tila vaihtaa v\u00e4rins\u00e4 vihre\u00e4ksi sek\u00e4 siirtyy\u00a0Sopimusalueet-listaan. Toista<\/p>\n<p class=\"more-link\"><a href=\"https:\/\/reviiri.org\/?page_id=10644\" class=\"themebutton2\">READ MORE<\/a><\/p>\n","protected":false},"author":5,"featured_media":0,"parent":11069,"menu_order":0,"comment_status":"open","ping_status":"closed","template":"","meta":{"footnotes":""},"categories":[],"tags":[],"class_list":["post-10644","page","type-page","status-publish","hentry"],"_links":{"self":[{"href":"https:\/\/reviiri.org\/index.php?rest_route=\/wp\/v2\/pages\/10644","targetHints":{"allow":["GET"]}}],"collection":[{"href":"https:\/\/reviiri.org\/index.php?rest_route=\/wp\/v2\/pages"}],"about":[{"href":"https:\/\/reviiri.org\/index.php?rest_route=\/wp\/v2\/types\/page"}],"author":[{"embeddable":true,"href":"https:\/\/reviiri.org\/index.php?rest_route=\/wp\/v2\/users\/5"}],"replies":[{"embeddable":true,"href":"https:\/\/reviiri.org\/index.php?rest_route=%2Fwp%2Fv2%2Fcomments&post=10644"}],"version-history":[{"count":11,"href":"https:\/\/reviiri.org\/index.php?rest_route=\/wp\/v2\/pages\/10644\/revisions"}],"predecessor-version":[{"id":11542,"href":"https:\/\/reviiri.org\/index.php?rest_route=\/wp\/v2\/pages\/10644\/revisions\/11542"}],"up":[{"embeddable":true,"href":"https:\/\/reviiri.org\/index.php?rest_route=\/wp\/v2\/pages\/11069"}],"wp:attachment":[{"href":"https:\/\/reviiri.org\/index.php?rest_route=%2Fwp%2Fv2%2Fmedia&parent=10644"}],"wp:term":[{"taxonomy":"category","embeddable":true,"href":"https:\/\/reviiri.org\/index.php?rest_route=%2Fwp%2Fv2%2Fcategories&post=10644"},{"taxonomy":"post_tag","embeddable":true,"href":"https:\/\/reviiri.org\/index.php?rest_route=%2Fwp%2Fv2%2Ftags&post=10644"}],"curies":[{"name":"wp","href":"https:\/\/api.w.org\/{rel}","templated":true}]}}