{"id":11031,"date":"2015-04-08T09:53:45","date_gmt":"2015-04-08T06:53:45","guid":{"rendered":"http:\/\/reviiri.belectro.fi\/?page_id=11031"},"modified":"2025-11-14T09:46:56","modified_gmt":"2025-11-14T07:46:56","slug":"usein-kysytyt-kysymykset","status":"publish","type":"page","link":"https:\/\/reviiri.org\/?page_id=11031","title":{"rendered":"Usein kysytyt kysymykset"},"content":{"rendered":"<div class=\"panel-grid\" id=\"pg-11031-0\"><div class=\"panel-grid-core\"><div class=\"panel-grid-cell\" id=\"pgc-11031-0-0\" ><div id=\"accordion-thinkupshortcodesthinkup_builder_toggle\" class=\"accordion style1\"><div class=\"accordion-group\"><div class=\"accordion-heading\"><a class=\"accordion-toggle\" data-toggle=\"collapse\" data-parent=\"#accordion-thinkupshortcodesthinkup_builder_toggle\" href=\"#thinkupshortcodesthinkup_builder_toggle-0\">1. Mik\u00e4 Reviiri on ja kenelle se on tarkoitettu?<\/a><\/div><div id=\"thinkupshortcodesthinkup_builder_toggle-0\" class=\"accordion-body collapse in\"><div class=\"accordion-inner\">Reviirin teht\u00e4v\u00e4n\u00e4 on auttaa mets\u00e4stysseurojen toimihenkil\u00f6it\u00e4 pit\u00e4m\u00e4\u00e4n seuran mets\u00e4stysalueiden vuokrasopimukset tallessa ja j\u00e4rjestyksess\u00e4. Kun koko vuokrasopimuskanta on Reviiriss\u00e4, n\u00e4ette yhdell\u00e4 silm\u00e4yksell\u00e4 esimerkiksi l\u00e4hiaikoina umpeutuvat sopimukset, ja aina ajan tasalla oleva mets\u00e4stysalueet sis\u00e4lt\u00e4v\u00e4 kartta on helposti saatavilla. Reviiriin merkityt sopimusalueet palvelevat seuraa usealla eri tavalla:\n<p>\n<ul>\n<li>Sopimusten hallinta: Reviiriss\u00e4 oleva sopimus sis\u00e4lt\u00e4\u00e4 tarkat tiedot sovitusta mets\u00e4stysalueesta. Vuokrasopimus on aina tallessa ja varmasti paikkansapit\u00e4v\u00e4 sen suhteen, mit\u00e4 vuokranantajan kanssa on sovittu. Vuokrasopimus sis\u00e4lt\u00e4\u00e4 aina karttaliitteen.<\/li>\n<li>Mets\u00e4stysk\u00e4ytt\u00f6: kaikkien allekirjoitettujen sopimusten kattamat vuokra-alueet ovat reaaliaikaisesti seuran j\u00e4senten n\u00e4ht\u00e4viss\u00e4 Tracker- ja WeHunt-mobiilisovelluksen kautta. T\u00e4ll\u00f6in mets\u00e4ll\u00e4 ollessaan mets\u00e4st\u00e4jien ei tarvitse arvailla, miss\u00e4 mikin mets\u00e4stys on sallittu.<\/li>\n<li>Lupien hakeminen: Reviirist\u00e4 saa tuotettua sopimuskannan pohjalta kaiken tarpeellisen karttamateriaalin erilaisia lupahakemuksia varten.<\/li>\n<\/ul>\n<\/p>\nLis\u00e4ksi Reviirin avulla mets\u00e4stysalueille voi lis\u00e4t\u00e4 karttamerkint\u00f6j\u00e4, joiden avulla voi erikseen merkit\u00e4 mets\u00e4stysalueen t\u00e4rkeit\u00e4 paikkoja, erityisalueita tai tehd\u00e4 riistanhoitosuunnitelmaan liittyvi\u00e4 merkint\u00f6j\u00e4.<\/div><\/div><\/div><div class=\"accordion-group\"><div class=\"accordion-heading\"><a class=\"accordion-toggle collapsed\" data-toggle=\"collapse\" data-parent=\"#accordion-thinkupshortcodesthinkup_builder_toggle\" href=\"#thinkupshortcodesthinkup_builder_toggle-1\">2. Voiko Reviiri\u00e4 testata ennen lisenssin ostoa?<\/a><\/div><div id=\"thinkupshortcodesthinkup_builder_toggle-1\" class=\"accordion-body collapse\"><div class=\"accordion-inner\">Kyll\u00e4 voi. Luo ilmainen tunnus reviirij\u00e4rjestelm\u00e4\u00e4n menem\u00e4ll\u00e4 osoitteeseen <a href=\"http:\/\/reviiri.org\/reviiri\/login\/new-club\/\" target=\"_blank\"> Kokeile ilmaiseksi<\/a>. Tunnus on voimassa 30 p\u00e4iv\u00e4\u00e4.<\/div><\/div><\/div><div class=\"accordion-group\"><div class=\"accordion-heading\"><a class=\"accordion-toggle collapsed\" data-toggle=\"collapse\" data-parent=\"#accordion-thinkupshortcodesthinkup_builder_toggle\" href=\"#thinkupshortcodesthinkup_builder_toggle-2\">3. Mist\u00e4 ja miten voin ostaa lisenssin?<\/a><\/div><div id=\"thinkupshortcodesthinkup_builder_toggle-2\" class=\"accordion-body collapse\"><div class=\"accordion-inner\">Lisenssi ostetaan Reviiri-j\u00e4rjestelm\u00e4n sis\u00e4isest\u00e4 verkkokaupasta. Luotuasi koek\u00e4ytt\u00f6tunnuksen ja kirjauduttuasi sis\u00e4\u00e4n j\u00e4rjestelm\u00e4\u00e4n voit my\u00f6s ostaa lisenssin.<\/div><\/div><\/div><div class=\"accordion-group\"><div class=\"accordion-heading\"><a class=\"accordion-toggle collapsed\" data-toggle=\"collapse\" data-parent=\"#accordion-thinkupshortcodesthinkup_builder_toggle\" href=\"#thinkupshortcodesthinkup_builder_toggle-3\">4. Paljonko Reviirin k\u00e4ytt\u00f6 maksaa?<\/a><\/div><div id=\"thinkupshortcodesthinkup_builder_toggle-3\" class=\"accordion-body collapse\"><div class=\"accordion-inner\">Katso Reviirin hinnoitteluperusteet t\u00e4\u00e4lt\u00e4: <a href=\"http:\/\/reviiri.org\/?page_id=11071#Hinnoittelu\">Hinnoittelu<\/a><\/div><\/div><\/div><div class=\"accordion-group\"><div class=\"accordion-heading\"><a class=\"accordion-toggle collapsed\" data-toggle=\"collapse\" data-parent=\"#accordion-thinkupshortcodesthinkup_builder_toggle\" href=\"#thinkupshortcodesthinkup_builder_toggle-4\">5. N\u00e4kyv\u00e4tk\u00f6 tilojen omistajatiedot automaattisesti Reviiriss\u00e4?<\/a><\/div><div id=\"thinkupshortcodesthinkup_builder_toggle-4\" class=\"accordion-body collapse\"><div class=\"accordion-inner\">Valitettavasti eiv\u00e4t n\u00e4y. Maanmittauslaitos on varsin tarkka omistajatietojen suhteen. Niit\u00e4 ei anneta toisten osapuolten tietoj\u00e4rjestelmien \u2013 kuten Reviirin \u2013 k\u00e4ytett\u00e4v\u00e4ksi. Edes tietoa siit\u00e4, ett\u00e4 jonkin kiinteist\u00f6 omistaja on vaihtunut, ei Reviiri saa.<\/div><\/div><\/div><div class=\"accordion-group\"><div class=\"accordion-heading\"><a class=\"accordion-toggle collapsed\" data-toggle=\"collapse\" data-parent=\"#accordion-thinkupshortcodesthinkup_builder_toggle\" href=\"#thinkupshortcodesthinkup_builder_toggle-5\">6. Voiko Reviiriin tuoda sopimuksia muista j\u00e4rjestelmist\u00e4?<\/a><\/div><div id=\"thinkupshortcodesthinkup_builder_toggle-5\" class=\"accordion-body collapse\"><div class=\"accordion-inner\">Kyll\u00e4 voi. Tarkemmat ohjeet l\u00f6ytyv\u00e4t <a href=\"http:\/\/reviiri.org\/?page_id=11474\">omalta sivultaan<\/a>.<\/div><\/div><\/div><div class=\"accordion-group\"><div class=\"accordion-heading\"><a class=\"accordion-toggle collapsed\" data-toggle=\"collapse\" data-parent=\"#accordion-thinkupshortcodesthinkup_builder_toggle\" href=\"#thinkupshortcodesthinkup_builder_toggle-6\">7. Onko Reviiri yhteensopiva mobiilikattasovellusten kanssa?<\/a><\/div><div id=\"thinkupshortcodesthinkup_builder_toggle-6\" class=\"accordion-body collapse\"><div class=\"accordion-inner\">Lis\u00e4tiedot mobiilisovellusten yhteensopivuudesta ovat <a href=\"http:\/\/reviiri.org\/?page_id=11182\">omalla sivullaan<\/a>.<\/div><\/div><\/div><\/div><\/div><\/div><\/div>","protected":false},"excerpt":{"rendered":"<p>1. Mik\u00e4 Reviiri on ja kenelle se on tarkoitettu?Reviirin teht\u00e4v\u00e4n\u00e4 on auttaa mets\u00e4stysseurojen toimihenkil\u00f6it\u00e4 pit\u00e4m\u00e4\u00e4n seuran mets\u00e4stysalueiden vuokrasopimukset tallessa ja j\u00e4rjestyksess\u00e4. Kun koko vuokrasopimuskanta on Reviiriss\u00e4, n\u00e4ette yhdell\u00e4 silm\u00e4yksell\u00e4 esimerkiksi l\u00e4hiaikoina umpeutuvat sopimukset, ja aina ajan tasalla oleva mets\u00e4stysalueet sis\u00e4lt\u00e4v\u00e4 kartta on helposti saatavilla. Reviiriin merkityt sopimusalueet palvelevat seuraa usealla eri tavalla: Sopimusten hallinta: Reviiriss\u00e4<\/p>\n<p class=\"more-link\"><a href=\"https:\/\/reviiri.org\/?page_id=11031\" class=\"themebutton2\">READ MORE<\/a><\/p>\n","protected":false},"author":5,"featured_media":0,"parent":0,"menu_order":0,"comment_status":"open","ping_status":"open","template":"","meta":{"footnotes":""},"categories":[],"tags":[],"class_list":["post-11031","page","type-page","status-publish","hentry"],"_links":{"self":[{"href":"https:\/\/reviiri.org\/index.php?rest_route=\/wp\/v2\/pages\/11031","targetHints":{"allow":["GET"]}}],"collection":[{"href":"https:\/\/reviiri.org\/index.php?rest_route=\/wp\/v2\/pages"}],"about":[{"href":"https:\/\/reviiri.org\/index.php?rest_route=\/wp\/v2\/types\/page"}],"author":[{"embeddable":true,"href":"https:\/\/reviiri.org\/index.php?rest_route=\/wp\/v2\/users\/5"}],"replies":[{"embeddable":true,"href":"https:\/\/reviiri.org\/index.php?rest_route=%2Fwp%2Fv2%2Fcomments&post=11031"}],"version-history":[{"count":27,"href":"https:\/\/reviiri.org\/index.php?rest_route=\/wp\/v2\/pages\/11031\/revisions"}],"predecessor-version":[{"id":11752,"href":"https:\/\/reviiri.org\/index.php?rest_route=\/wp\/v2\/pages\/11031\/revisions\/11752"}],"wp:attachment":[{"href":"https:\/\/reviiri.org\/index.php?rest_route=%2Fwp%2Fv2%2Fmedia&parent=11031"}],"wp:term":[{"taxonomy":"category","embeddable":true,"href":"https:\/\/reviiri.org\/index.php?rest_route=%2Fwp%2Fv2%2Fcategories&post=11031"},{"taxonomy":"post_tag","embeddable":true,"href":"https:\/\/reviiri.org\/index.php?rest_route=%2Fwp%2Fv2%2Ftags&post=11031"}],"curies":[{"name":"wp","href":"https:\/\/api.w.org\/{rel}","templated":true}]}}