{"id":11056,"date":"2015-04-10T14:30:09","date_gmt":"2015-04-10T11:30:09","guid":{"rendered":"http:\/\/reviiri.org\/?page_id=11056"},"modified":"2025-01-13T14:35:31","modified_gmt":"2025-01-13T12:35:31","slug":"rekisteriseloste","status":"publish","type":"page","link":"https:\/\/reviiri.org\/?page_id=11056","title":{"rendered":"Rekisteriseloste"},"content":{"rendered":"<p><a href=\"http:\/\/www.finlex.fi\/fi\/laki\/ajantasa\/1999\/19990523#a523-1999\" title=\"Suomen henkil\u00f6tietolaki (523\/1999)\" target=\"_blank\" rel=\"noopener\">Suomen henkil\u00f6tietolaki (523\/1999), 10 \u00a7<\/a><\/p>\n<p>\nLue t\u00e4m\u00e4 rekisteriseloste huolellisesti, ennen kuin vierailet reviiri.org -verkkosivustolla. T\u00e4m\u00e4 rekisteriseloste koskee reviiri.org -verkkosivustolta ker\u00e4ttyjen henkil\u00f6tietojen k\u00e4sittely\u00e4.<\/p>\n<p>\nRekister\u00f6itym\u00e4ll\u00e4 ja kirjautumalla palveluun hyv\u00e4ksyt t\u00e4m\u00e4n rekisteriselosteen mukaiset ehdot ja annat Natlink Oy:lle yksiselitteisen suostumuksesi henkil\u00f6tietojesi k\u00e4sittelyyn t\u00e4ss\u00e4 rekisteriselosteessa kuvatulla tavalla. Jos et hyv\u00e4ksy henkil\u00f6tietojesi k\u00e4sittely\u00e4 t\u00e4ss\u00e4 rekisteriselosteessa kuvatulla tavalla, \u00e4l\u00e4 rekister\u00f6idy tai kirjaudu palveluun \u00e4l\u00e4k\u00e4 k\u00e4yt\u00e4 palvelua.<\/p>\n<p>\nJos olet alle 18-vuotias tai asuinmaasi lakien mukaan alaik\u00e4inen, pyyd\u00e4 laillista holhoojaasi rekister\u00f6itym\u00e4\u00e4n palveluun puolestasi.<\/p>\n<p>\nNatlink Oy pid\u00e4tt\u00e4\u00e4 oikeuden muuttaa t\u00e4t\u00e4 rekisteriselostetta. Natlink Oy ilmoittaa sinulle olennaisista muutoksista s\u00e4hk\u00f6postitse antamaasi s\u00e4hk\u00f6postiosoitteeseen. Vastaat itse yhteystietojesi pit\u00e4misest\u00e4 ajan tasalla. Muutosilmoituksen saatuasi sinun katsotaan hyv\u00e4ksyneen muutokset, jos jatkat palvelun k\u00e4ytt\u00f6\u00e4.<\/p>\n<h3>1. Rekisterinpit\u00e4j\u00e4<\/h3>\n<p>Natlink Oy<br \/>\nTakatie 6<br \/>\n90440 Kempele<\/p>\n<h3>2. Rekisterinpit\u00e4j\u00e4n edustaja<\/h3>\n<p>Pekka Hietalahti<br \/>\nS\u00e4hk\u00f6posti: <a href=\"mailto:pekka.hietalahti@natlink.fi?\">pekka.hietalahti@natlink.fi<\/a><\/p>\n<h3>3. Henkil\u00f6tietoja sis\u00e4lt\u00e4v\u00e4n rekisterin nimi<\/h3>\n<p>Henkil\u00f6tietoja sis\u00e4lt\u00e4v\u00e4n rekisterin nimi on \u201dReviiri-asiakastietorekisteri\u201d.<\/p>\n<h3>4. Henkil\u00f6tietojen k\u00e4sittelyn tarkoitus<\/h3>\n<p>Henkil\u00f6tietojen k\u00e4sittelyn tarkoitus on Natlink Oy:n ja sen asiakkaiden v\u00e4listen asiakassuhteiden hallinta ja yll\u00e4pito. Henkil\u00f6tietoja k\u00e4ytet\u00e4\u00e4n palvelun k\u00e4ytt\u00e4jien tunnistamiseen sek\u00e4 palvelun k\u00e4ytt\u00f6\u00f6nottoon, toteuttamiseen, hallintoon ja laskutukseen sek\u00e4 tietojen ja ilmoitusten toimittamiseen asiakkaille. Lis\u00e4ksi henkil\u00f6tietoja voidaan k\u00e4ytt\u00e4\u00e4 suoramarkkinointiin, sek\u00e4 v\u00e4\u00e4rink\u00e4ytt\u00f6tapausten tutkintaan ja seurantaan. Henkil\u00f6tietoja voidaan my\u00f6s k\u00e4ytt\u00e4\u00e4 Natlink Oy:n liiketoiminnan ja palvelujen suunnitteluun ja kehitt\u00e4miseen sek\u00e4 palvelua k\u00e4ytt\u00e4vien asiakkaiden m\u00e4\u00e4r\u00e4n seuraamiseen. Lis\u00e4ksi Natlink Oy voi k\u00e4ytt\u00e4\u00e4 ja luovuttaa rekisteriss\u00e4 olevia henkil\u00f6tietoja perusteltuihin tarkoituksiin (esimerkiksi suoramarkkinointiin, et\u00e4myyntiin, muuhun suoramainontaan sek\u00e4 mielipide- tai markkinointitutkimuksiin) <a href=\"http:\/\/www.finlex.fi\/fi\/laki\/ajantasa\/1999\/19990523\" title=\"http:\/\/www.finlex.fi\/fi\/laki\/ajantasa\/1999\/19990523\" target=\"_blank\" rel=\"noopener\">Suomen henkil\u00f6tietolain<\/a>, <a href=\"http:\/\/www.finlex.fi\/fi\/laki\/ajantasa\/2014\/20140917\" title=\"http:\/\/www.finlex.fi\/fi\/laki\/ajantasa\/2014\/20140917\" target=\"_blank\" rel=\"noopener\">Tietoyhteiskuntakaaren (7.11.2014\/917)<\/a> ja muiden sovellettavien lakien mukaisesti.<\/p>\n<h3>5. Rekisterin sis\u00e4lt\u00f6<\/h3>\n<p>Henkil\u00f6tietorekisteri sis\u00e4lt\u00e4\u00e4 seuraavat tiedot:<\/p>\n<p>\n<strong>Asiakastiedot:<\/strong><\/p>\n<p>\nEtunimet, sukunimi, s\u00e4hk\u00f6postiosoite, osoite, puhelinnumero sek\u00e4 muut asiakkaan itse mahdollisesti antamat tiedot.<\/p>\n<p>\n<strong>K\u00e4ytt\u00f6tiedot:<\/strong><\/p>\n<p>\nAsiakkaan k\u00e4ynnit palveluissa sek\u00e4 asiakkaan toimet ja siirtym\u00e4t palvelussa (aika, sijainti palvelussa ja IP-osoite) sek\u00e4 siirtym\u00e4t palveluun muulta verkkosivustolta ja palvelusta muulle verkkosivustolle sek\u00e4 tietokonekohtainen tunniste (sit\u00e4 tietokonetta, jolta asiakas on kirjautunut palveluun, koskeva tunniste).<\/p>\n<h3>6. Rekisterin s\u00e4\u00e4nn\u00f6nmukaiset tietol\u00e4hteet<\/h3>\n<p>Asiakastietorekisteriss\u00e4 olevat henkil\u00f6tiedot saadaan asiakkaalta, kun t\u00e4m\u00e4 rekister\u00f6ityy palvelun k\u00e4ytt\u00e4j\u00e4ksi tai p\u00e4ivitt\u00e4\u00e4 omia tietojaan. Lis\u00e4ksi henkil\u00f6tietoja saadaan my\u00f6s silloin, kun asiakas k\u00e4ytt\u00e4\u00e4 palvelua muutoin. Natlink Oy voi k\u00e4ytt\u00e4\u00e4 henkil\u00f6tietojen hankkimisessa my\u00f6s ev\u00e4steit\u00e4.<\/p>\n<h3>7. Henkil\u00f6tietojen s\u00e4\u00e4nn\u00f6nmukainen luovuttaminen<\/h3>\n<p>Natlink Oy ei luovuta asiakastietorekisterin sis\u00e4lt\u00e4mi\u00e4 henkil\u00f6tietoja s\u00e4\u00e4nn\u00f6nmukaisesti kolmansille osapuolille. Henkil\u00f6tietoja voidaan kuitenkin ajoittain luovuttaa Suomen lakien mukaisesti. Lis\u00e4ksi henkil\u00f6tietoja voidaan luovuttaa tutkimus- ja markkinointitarkoituksiin (mukaan luettuna suoramarkkinointi).<\/p>\n<p>\nNatlink Oy:ll\u00e4 on oikeus k\u00e4ytt\u00e4\u00e4 alihankkijoita palvelun tarjoamiseksi ja toteuttamiseksi. T\u00e4lt\u00e4 osin henkil\u00f6tietoja voidaan siirt\u00e4\u00e4 alihankkijoille siin\u00e4 laajuudessa kuin tarpeellista palveluiden toteuttamiseksi (esimerkiksi tietojen tallennus palvelimelle, jota yll\u00e4pit\u00e4\u00e4 kolmas osapuoli Natlink Oy:n toimeksiannon perusteella).<\/p>\n<p>\nAsiakastietorekisterin sis\u00e4lt\u00e4mi\u00e4 henkil\u00f6tietoja ei siirret\u00e4 Euroopan unionin tai Euroopan talousalueen ulkopuolelle.<\/p>\n<h3>8. Tietojen oikeellisuus<\/h3>\n<p>Natlink Oy ei tarkista asiakkaan antamien henkil\u00f6tietojen oikeellisuutta. Rekister\u00f6idytty\u00e4\u00e4n palveluun jokaisella asiakkaalla on oikeus tarkastella omia asiakastietojaan kirjautumalla palveluun k\u00e4ytt\u00e4j\u00e4tunnuksellaan ja salasanallaan. Asiakas voi muuttaa, t\u00e4ydent\u00e4\u00e4 ja poistaa asiakastietojaan joko kirjautumalla palveluun tai ottamalla yhteytt\u00e4 Natlink Oy:n asiakaspalveluun. Palvelun k\u00e4ytt\u00f6\u00e4 koskevat tiedot eiv\u00e4t ole asiakkaiden k\u00e4ytett\u00e4viss\u00e4.<\/p>\n<p>\nPalvelun k\u00e4ytt\u00f6\u00f6n liittyv\u00e4t tiedot poistetaan asiakkaan tunnistetiedoista sen j\u00e4lkeen, kun niiden s\u00e4ilytt\u00e4minen ei ole en\u00e4\u00e4 tarpeen.<\/p>\n<h3>9. Henkil\u00f6tietoja sis\u00e4lt\u00e4v\u00e4n rekisterin suojaus<\/h3>\n<p>Asiakas voi kirjautua palveluun ainoastaan henkil\u00f6kohtaisella k\u00e4ytt\u00e4j\u00e4tunnuksellaan ja salasanallaan. K\u00e4ytt\u00e4j\u00e4tunnuksiin liittyv\u00e4t salasanat s\u00e4ilytet\u00e4\u00e4n turvallisessa muodossa.<\/p>\n<p>\nHenkil\u00f6tietorekisterin k\u00e4ytt\u00f6oikeus on vain henkil\u00f6ill\u00e4, joiden on voitava k\u00e4sitell\u00e4 tietoja ty\u00f6teht\u00e4viens\u00e4 suorittamiseksi t\u00e4m\u00e4n asiakastietorekisterin tarkoitusten mukaisesti sek\u00e4 rekisterin teknist\u00e4 yll\u00e4pitoa varten. Kaikki asiakastietorekisterin sis\u00e4lt\u00e4m\u00e4t tiedot on suojattu toimialan yleisten k\u00e4yt\u00e4nt\u00f6jen mukaisesti.<\/p>\n<h3>10. Linkit kolmansien osapuolten verkkosivustoille<\/h3>\n<p>Palvelu voi sis\u00e4lt\u00e4\u00e4 linkkej\u00e4 kolmansien osapuolten verkkosivustoille. Linkitetyt verkkosivustot eiv\u00e4t ole Natlink Oy:n hallinnassa, eik\u00e4 Natlink Oy vastaa kolmansien osapuolten verkkosivustojen sis\u00e4ll\u00f6st\u00e4 tai kolmansien osapuolten verkkosivustojen sis\u00e4lt\u00e4mist\u00e4 linkeist\u00e4. Jos asiakas siirtyy linkitetylle verkkosivustolle, h\u00e4nen tulee tutustua kyseisen verkkosivuston yksityisyydensuojaperiaatteisiin ja muihin sovellettaviin k\u00e4ytt\u00f6ehtoihin.<\/p>\n<h3>11. Paikkatiedot<\/h3>\n<p>Natlinkin paikkatietoihin perustuvat palvelut ja ominaisuudet hy\u00f6dynt\u00e4v\u00e4t satelliitti- sek\u00e4 Wi-Fi, IP-osoite tai muuta verkkoperusteista paikkatietoa. Edell\u00e4 mainittujen teknologioiden k\u00e4ytt\u00f6\u00f6n liittyy paikkatiedon, puhelinnumeron sek\u00e4 muiden yksil\u00f6ivien tietojen jakaminen Natlinkille. Kaikki paikantamiseen liittyv\u00e4t tiedot tallennetaan kolmannen osapuolen yll\u00e4pit\u00e4m\u00e4\u00e4n Virtual Private Cloud:iin (VPC), jota operoi ja yll\u00e4pit\u00e4\u00e4 Natlink. Natlink ei k\u00e4yt\u00e4 n\u00e4it\u00e4 tietoja yksil\u00f6id\u00e4kseen sinut henkil\u00f6kohtaisesti.<\/p>\n<h3>12. Lis\u00e4tietoja<\/h3>\n<p>Jos sinulla on kysytt\u00e4v\u00e4\u00e4 t\u00e4st\u00e4 henkil\u00f6tietorekisteri\u00e4 koskevasta selosteesta, ole hyv\u00e4 ja ota yhteytt\u00e4 kohdassa 2 mainittuun henkil\u00f6\u00f6n.<\/p>\n<p>\n","protected":false},"excerpt":{"rendered":"<p>Suomen henkil\u00f6tietolaki (523\/1999), 10 \u00a7 Lue t\u00e4m\u00e4 rekisteriseloste huolellisesti, ennen kuin vierailet reviiri.org -verkkosivustolla. T\u00e4m\u00e4 rekisteriseloste koskee reviiri.org -verkkosivustolta ker\u00e4ttyjen henkil\u00f6tietojen k\u00e4sittely\u00e4. Rekister\u00f6itym\u00e4ll\u00e4 ja kirjautumalla palveluun hyv\u00e4ksyt t\u00e4m\u00e4n rekisteriselosteen mukaiset ehdot ja annat Natlink Oy:lle yksiselitteisen suostumuksesi henkil\u00f6tietojesi k\u00e4sittelyyn t\u00e4ss\u00e4 rekisteriselosteessa kuvatulla tavalla. Jos et hyv\u00e4ksy henkil\u00f6tietojesi k\u00e4sittely\u00e4 t\u00e4ss\u00e4 rekisteriselosteessa kuvatulla tavalla, \u00e4l\u00e4 rekister\u00f6idy tai<\/p>\n<p class=\"more-link\"><a href=\"https:\/\/reviiri.org\/?page_id=11056\" class=\"themebutton2\">READ MORE<\/a><\/p>\n","protected":false},"author":5,"featured_media":0,"parent":0,"menu_order":0,"comment_status":"open","ping_status":"open","template":"","meta":{"footnotes":""},"categories":[],"tags":[],"class_list":["post-11056","page","type-page","status-publish","hentry"],"_links":{"self":[{"href":"https:\/\/reviiri.org\/index.php?rest_route=\/wp\/v2\/pages\/11056","targetHints":{"allow":["GET"]}}],"collection":[{"href":"https:\/\/reviiri.org\/index.php?rest_route=\/wp\/v2\/pages"}],"about":[{"href":"https:\/\/reviiri.org\/index.php?rest_route=\/wp\/v2\/types\/page"}],"author":[{"embeddable":true,"href":"https:\/\/reviiri.org\/index.php?rest_route=\/wp\/v2\/users\/5"}],"replies":[{"embeddable":true,"href":"https:\/\/reviiri.org\/index.php?rest_route=%2Fwp%2Fv2%2Fcomments&post=11056"}],"version-history":[{"count":5,"href":"https:\/\/reviiri.org\/index.php?rest_route=\/wp\/v2\/pages\/11056\/revisions"}],"predecessor-version":[{"id":11744,"href":"https:\/\/reviiri.org\/index.php?rest_route=\/wp\/v2\/pages\/11056\/revisions\/11744"}],"wp:attachment":[{"href":"https:\/\/reviiri.org\/index.php?rest_route=%2Fwp%2Fv2%2Fmedia&parent=11056"}],"wp:term":[{"taxonomy":"category","embeddable":true,"href":"https:\/\/reviiri.org\/index.php?rest_route=%2Fwp%2Fv2%2Fcategories&post=11056"},{"taxonomy":"post_tag","embeddable":true,"href":"https:\/\/reviiri.org\/index.php?rest_route=%2Fwp%2Fv2%2Ftags&post=11056"}],"curies":[{"name":"wp","href":"https:\/\/api.w.org\/{rel}","templated":true}]}}