{"id":11058,"date":"2015-04-11T14:07:35","date_gmt":"2015-04-11T11:07:35","guid":{"rendered":"http:\/\/reviiri.org\/?page_id=11058"},"modified":"2022-08-24T20:39:22","modified_gmt":"2022-08-24T17:39:22","slug":"koti","status":"publish","type":"page","link":"https:\/\/reviiri.org\/","title":{"rendered":"Koti"},"content":{"rendered":"<div class=\"panel-grid\" id=\"pg-11058-0\"><div class=\"panel-grid-core\"><div class=\"panel-grid-cell\" id=\"pgc-11058-0-0\" ><div class=\"iconfull style1 iconlink\"><div class=\"iconimage\"><a href=\"\/?page_id=11071\"><i class=\"fa fa-gears fa-4x fa-inverse\"><\/i><\/a><\/div><div class=\"iconmain\"><h3>Ominaisuudet<\/h3><p>Reviiri on ohjelmisto, joka on tarkoitettu mets\u00e4stysvuokrasopimusten hallinnointiin, sek\u00e4 mets\u00e4styskarttojen- ja karttamerkint\u00f6jen yll\u00e4pitoon.<\/p><p class=\"iconurl\"><a href=\"\/?page_id=11071\">Lue lis\u00e4\u00e4<\/a><\/p><\/div><\/div><\/div><div class=\"panel-grid-cell\" id=\"pgc-11058-0-1\" ><div class=\"iconfull style1 iconlink\"><div class=\"iconimage\"><a href=\"\/reviiri\/login\/new-club\/\"><i class=\"fa fa-paw fa-4x fa-inverse\"><\/i><\/a><\/div><div class=\"iconmain\"><h3>Kokeile ilmaiseksi<\/h3><p>Jos seuraasi ei ole viel\u00e4 perustettu Reviiri-j\u00e4rjestelm\u00e4\u00e4n, voit tehd\u00e4 sen saman tien. Kokeile Reviiri\u00e4 30 p\u00e4iv\u00e4n ajan ilmaiseksi tai maksa vuosimaksu heti. Kokeiluaikaina sy\u00f6tetyt tiedot siirtyv\u00e4t maksettuun versioon.<\/p><p class=\"iconurl\"><a href=\"\/reviiri\/login\/new-club\/\">Lue lis\u00e4\u00e4<\/a><\/p><\/div><\/div><\/div><div class=\"panel-grid-cell\" id=\"pgc-11058-0-2\" ><div class=\"iconfull style1 iconlink\"><div class=\"iconimage\"><a href=\"\/?page_id=11487\"><i class=\"fa fa-comment-o fa-4x fa-inverse\"><\/i><\/a><\/div><div class=\"iconmain\"><h3>Reviiri ja Oma riista<\/h3><p>Riistakeskuksen kehitt\u00e4m\u00e4 Oma riista -palvelu ei ole Reviirin kilpailija, vaan Oma riista ja Reviiri toimivat k\u00e4si k\u00e4dess\u00e4 mets\u00e4styksen helpottamiseksi. Reviiriin kirjattujen sopimusten muodostamat alueet saa nyt viety\u00e4 Oma riista -j\u00e4rjestelm\u00e4\u00e4n.<\/p><p class=\"iconurl\"><a href=\"\/?page_id=11487\">Lue lis\u00e4\u00e4<\/a><\/p><\/div><\/div><\/div><\/div><\/div><div class=\"panel-grid\" id=\"pg-11058-1\"><div class=\"panel-grid-core\"><div class=\"panel-grid-cell\" id=\"pgc-11058-1-0\" ><div style=\"text-align: center; font-size: 200%;\">Reviiri on avoin kaikille suomalaisille mets\u00e4stysseuroille<\/div><div style=\"text-align: center; font-size: 125%;\">\u2013 Suomen Mets\u00e4st\u00e4j\u00e4liiton j\u00e4senseuroille alennetut hinnat!<\/div><div id=\"statistics\" style=\"text-align: center; margin-top: 1em; font-size: 200%; display: none;\">Mukana jo <span id=\"stat-c\" style=\"font-weight: bold; color: #0f7d37;\">~<\/span> seuraa, <span id=\"stat-a\" style=\"font-weight: bold; color: #0f7d37;\">~<\/span> sopimusta, <span id=\"stat-e\" style=\"font-weight: bold; color: #0f7d37;\">~<\/span> sopimustilaa ja <span id=\"stat-h\" style=\"font-weight: bold; color: #0f7d37;\">~<\/span> hehtaaria!<\/div><p style=\"display: none;\"><script type=\"text\/javascript\">\/\/ <![CDATA[\n(function($){ $(document).ready(function() { $.getJSON(\"\/reviiri\/ajax\/statistics\", function(res) { if(res && res.clubs && res.agreements && res.estates && res.hectares) { var ust = Date.now(); var ufun = function() { var frac = (Date.now() - ust) \/ 650; if (frac > 4) { frac = 4; clearInterval(iv); iv = setInterval(function() {$.getJSON(\"\/reviiri\/ajax\/statistics\",function(res) { if(res && res.clubs && res.agreements && res.estates && res.hectares) { $(\"#stat-c\").text(\"\"+res.clubs); $(\"#stat-a\").text(\"\"+res.agreements); $(\"#stat-e\").text(\"\"+res.estates); $(\"#stat-h\").text(\"\"+res.hectares); }}); }, 60000); } $(\"#stat-c\").text((res.clubs*Math.min(frac,1)).toFixed(0)); $(\"#stat-a\").text((res.agreements*Math.min(frac\/2,1)).toFixed(0)); $(\"#stat-e\").text((res.estates*Math.min(frac\/3,1)).toFixed(0)); $(\"#stat-h\").text((res.hectares*Math.min(frac\/4,1)).toFixed(0)); }; var iv = setInterval(ufun, 25); ufun(); $(\"#statistics\").fadeIn(); }}); }); })(jQuery);\n\/\/ ]]><\/script><\/p><\/div><\/div><\/div>","protected":false},"excerpt":{"rendered":"<p>OminaisuudetReviiri on ohjelmisto, joka on tarkoitettu mets\u00e4stysvuokrasopimusten hallinnointiin, sek\u00e4 mets\u00e4styskarttojen- ja karttamerkint\u00f6jen yll\u00e4pitoon.Lue lis\u00e4\u00e4Kokeile ilmaiseksiJos seuraasi ei ole viel\u00e4 perustettu Reviiri-j\u00e4rjestelm\u00e4\u00e4n, voit tehd\u00e4 sen saman tien. Kokeile Reviiri\u00e4 30 p\u00e4iv\u00e4n ajan ilmaiseksi tai maksa vuosimaksu heti. Kokeiluaikaina sy\u00f6tetyt tiedot siirtyv\u00e4t maksettuun versioon.Lue lis\u00e4\u00e4Reviiri ja Oma riistaRiistakeskuksen kehitt\u00e4m\u00e4 Oma riista -palvelu ei ole Reviirin kilpailija, vaan<\/p>\n<p class=\"more-link\"><a href=\"https:\/\/reviiri.org\/\" class=\"themebutton2\">READ MORE<\/a><\/p>\n","protected":false},"author":5,"featured_media":0,"parent":0,"menu_order":0,"comment_status":"open","ping_status":"open","template":"","meta":{"footnotes":""},"categories":[],"tags":[48,52,53,49,50,46,44,45,51,47],"class_list":["post-11058","page","type-page","status-publish","hentry","tag-hirvenpyynti","tag-kaatolupa","tag-kaatoluvat","tag-karhunpyynti","tag-maastokartta","tag-metsastys","tag-metsastysalue","tag-metsastysalueet","tag-metsastysaluesopimus","tag-metsastysseura"],"_links":{"self":[{"href":"https:\/\/reviiri.org\/index.php?rest_route=\/wp\/v2\/pages\/11058","targetHints":{"allow":["GET"]}}],"collection":[{"href":"https:\/\/reviiri.org\/index.php?rest_route=\/wp\/v2\/pages"}],"about":[{"href":"https:\/\/reviiri.org\/index.php?rest_route=\/wp\/v2\/types\/page"}],"author":[{"embeddable":true,"href":"https:\/\/reviiri.org\/index.php?rest_route=\/wp\/v2\/users\/5"}],"replies":[{"embeddable":true,"href":"https:\/\/reviiri.org\/index.php?rest_route=%2Fwp%2Fv2%2Fcomments&post=11058"}],"version-history":[{"count":26,"href":"https:\/\/reviiri.org\/index.php?rest_route=\/wp\/v2\/pages\/11058\/revisions"}],"predecessor-version":[{"id":11600,"href":"https:\/\/reviiri.org\/index.php?rest_route=\/wp\/v2\/pages\/11058\/revisions\/11600"}],"wp:attachment":[{"href":"https:\/\/reviiri.org\/index.php?rest_route=%2Fwp%2Fv2%2Fmedia&parent=11058"}],"wp:term":[{"taxonomy":"category","embeddable":true,"href":"https:\/\/reviiri.org\/index.php?rest_route=%2Fwp%2Fv2%2Fcategories&post=11058"},{"taxonomy":"post_tag","embeddable":true,"href":"https:\/\/reviiri.org\/index.php?rest_route=%2Fwp%2Fv2%2Ftags&post=11058"}],"curies":[{"name":"wp","href":"https:\/\/api.w.org\/{rel}","templated":true}]}}