{"id":11069,"date":"2015-04-11T14:22:38","date_gmt":"2015-04-11T11:22:38","guid":{"rendered":"http:\/\/reviiri.org\/?page_id=11069"},"modified":"2022-08-24T20:39:19","modified_gmt":"2022-08-24T17:39:19","slug":"kayttoohjeet","status":"publish","type":"page","link":"https:\/\/reviiri.org\/?page_id=11069","title":{"rendered":"K\u00e4ytt\u00f6ohjeet"},"content":{"rendered":"<p>Tervetuloa k\u00e4ytt\u00e4m\u00e4\u00e4n Reviiri\u00e4! Alla olevasta listasta p\u00e4\u00e4set k\u00e4ytt\u00f6ohjeiden alisivuille, joista saat ohjeita Reviirin eri ominaisuuksien hy\u00f6dynt\u00e4miseksi.<\/p>\n<ul>\n<li><a href=\"https:\/\/reviiri.org\/?page_id=11178\">Omien tietojen ja vierailuoikeuksien hallinta<\/a><\/li>\n<li><a href=\"https:\/\/reviiri.org\/?page_id=11182\">Reviirin k\u00e4ytt\u00f6\u00a0mobiilisovelluksissa<\/a><\/li>\n<li><a href=\"https:\/\/reviiri.org\/?page_id=11193\">Seuran tietojen hallinta<\/a><\/li>\n<li><a href=\"https:\/\/reviiri.org\/?page_id=10644\">Sopimusten hallinta<\/a><\/li>\n<li><a href=\"https:\/\/reviiri.org\/?page_id=11202\">Karttamerkint\u00f6jen hallinta<\/a><\/li>\n<li><a href=\"https:\/\/reviiri.org\/?page_id=11207\">Yhteenvedot<\/a><\/li>\n<li><a href=\"https:\/\/reviiri.org\/?page_id=11463\">Karttatulosteet<\/a><\/li>\n<li><a href=\"https:\/\/reviiri.org\/?page_id=11631\">Ohjevideot<\/a><\/li>\n<\/ul>\n","protected":false},"excerpt":{"rendered":"<p>Tervetuloa k\u00e4ytt\u00e4m\u00e4\u00e4n Reviiri\u00e4! Alla olevasta listasta p\u00e4\u00e4set k\u00e4ytt\u00f6ohjeiden alisivuille, joista saat ohjeita Reviirin eri ominaisuuksien hy\u00f6dynt\u00e4miseksi. Omien tietojen ja vierailuoikeuksien hallinta Reviirin k\u00e4ytt\u00f6\u00a0mobiilisovelluksissa Seuran tietojen hallinta Sopimusten hallinta Karttamerkint\u00f6jen hallinta Yhteenvedot Karttatulosteet Ohjevideot<\/p>\n","protected":false},"author":5,"featured_media":0,"parent":0,"menu_order":0,"comment_status":"open","ping_status":"open","template":"","meta":{"footnotes":""},"categories":[],"tags":[48,52,53,49,50,46,44,45,51,47],"class_list":["post-11069","page","type-page","status-publish","hentry","tag-hirvenpyynti","tag-kaatolupa","tag-kaatoluvat","tag-karhunpyynti","tag-maastokartta","tag-metsastys","tag-metsastysalue","tag-metsastysalueet","tag-metsastysaluesopimus","tag-metsastysseura"],"_links":{"self":[{"href":"https:\/\/reviiri.org\/index.php?rest_route=\/wp\/v2\/pages\/11069","targetHints":{"allow":["GET"]}}],"collection":[{"href":"https:\/\/reviiri.org\/index.php?rest_route=\/wp\/v2\/pages"}],"about":[{"href":"https:\/\/reviiri.org\/index.php?rest_route=\/wp\/v2\/types\/page"}],"author":[{"embeddable":true,"href":"https:\/\/reviiri.org\/index.php?rest_route=\/wp\/v2\/users\/5"}],"replies":[{"embeddable":true,"href":"https:\/\/reviiri.org\/index.php?rest_route=%2Fwp%2Fv2%2Fcomments&post=11069"}],"version-history":[{"count":11,"href":"https:\/\/reviiri.org\/index.php?rest_route=\/wp\/v2\/pages\/11069\/revisions"}],"predecessor-version":[{"id":11635,"href":"https:\/\/reviiri.org\/index.php?rest_route=\/wp\/v2\/pages\/11069\/revisions\/11635"}],"wp:attachment":[{"href":"https:\/\/reviiri.org\/index.php?rest_route=%2Fwp%2Fv2%2Fmedia&parent=11069"}],"wp:term":[{"taxonomy":"category","embeddable":true,"href":"https:\/\/reviiri.org\/index.php?rest_route=%2Fwp%2Fv2%2Fcategories&post=11069"},{"taxonomy":"post_tag","embeddable":true,"href":"https:\/\/reviiri.org\/index.php?rest_route=%2Fwp%2Fv2%2Ftags&post=11069"}],"curies":[{"name":"wp","href":"https:\/\/api.w.org\/{rel}","templated":true}]}}