{"id":11178,"date":"2015-04-29T09:00:59","date_gmt":"2015-04-29T06:00:59","guid":{"rendered":"http:\/\/reviiri.org\/?page_id=11178"},"modified":"2023-02-13T23:17:47","modified_gmt":"2023-02-13T21:17:47","slug":"omat-tiedot-reviiri-jarjestelmassa","status":"publish","type":"page","link":"https:\/\/reviiri.org\/?page_id=11178","title":{"rendered":"Omat tiedot Reviiri-j\u00e4rjestelm\u00e4ss\u00e4"},"content":{"rendered":"<h2>Perustiedot<\/h2>\n<p>Omien tietojen hallinta on jokaisen Reviiri-k\u00e4ytt\u00e4j\u00e4n, niin seuran toimihenkil\u00f6n kuin rivij\u00e4senenkin, k\u00e4ytett\u00e4viss\u00e4. Sellainen Reviiri-k\u00e4ytt\u00e4j\u00e4, jolla ei ole toimihenkil\u00f6roolia miss\u00e4\u00e4n mets\u00e4stysseurassa, ohjataan heti kirjautumisen j\u00e4lkeen omien tietojen hallintaan tarkoitetulle sivulle. Toimihenkil\u00f6 p\u00e4\u00e4see t\u00e4lle sivulle kaikkien sivujen oikeassa yl\u00e4kulmassa oman nimen vieress\u00e4 n\u00e4kyv\u00e4n painikkeen <em>Omat tiedot<\/em> -valinnalla.<\/p>\n<p>Reviiriss\u00e4 on tieto jokaisen k\u00e4ytt\u00e4j\u00e4n nimest\u00e4 ja s\u00e4hk\u00f6postiosoitteesta, jolla j\u00e4rjestelm\u00e4\u00e4n kirjaudutaan. Lis\u00e4ksi halutessaan voi kirjata tiedoksi osoitteensa ja puhelinnumeronsa. N\u00e4m\u00e4 tiedot ovat t\u00e4rkeit\u00e4, mik\u00e4li seura hy\u00f6dynt\u00e4\u00e4 Reviiri\u00e4 my\u00f6s yksinkertaisena j\u00e4senrekisterin\u00e4. Toimihenki\u00f6iden olisi my\u00f6s syyt\u00e4 kirjata puhelinnumeronsa, koska se sis\u00e4llytet\u00e4\u00e4n kyseisen toimihenkil\u00f6n tekemiin mets\u00e4stysvuokrasopimuksiin yhteystietona.<\/p>\n<p>Salasanan voi my\u00f6s halutessaan vaihtaa t\u00e4lt\u00e4 sivulta kirjoittamalla uuden salasanan kahdesti ja tallentamalla tiedot.<\/p>\n<h2>J\u00e4senyydet ja vierailuoikeudet<\/h2>\n<p>Perustietojen oikealla puolella n\u00e4ytet\u00e4\u00e4n lista niist\u00e4 mets\u00e4stysseuroista, joihin k\u00e4ytt\u00e4j\u00e4ll\u00e4 on p\u00e4\u00e4sy. Kartat n\u00e4kyv\u00e4t Tracker-mobiilisovelluksessa.<\/p>\n<p>Vierailumahdollisuuden avulla k\u00e4ytt\u00e4j\u00e4t voivat saada n\u00e4ht\u00e4v\u00e4kseen my\u00f6s sellaisten seurojen karttoja, joiden j\u00e4seni\u00e4 he eiv\u00e4t ole. Vieraluluvan my\u00f6nt\u00e4\u00e4 aina seuran toimihenkil\u00f6, ja se voidaan haluttaessa rajoittaa m\u00e4\u00e4r\u00e4aikaiseksi. Kun pyyd\u00e4t vierailuoikeuksia omat tiedot -sivun linkin kautta, l\u00e4htee kyseisen seuran toimihenkil\u00f6ille viesti. Heid\u00e4n hyv\u00e4ksytty\u00e4\u00e4n vierailupyynt\u00f6si\u00a0saat kartat\u00a0ja tiedot n\u00e4ht\u00e4v\u00e4ksesi.<\/p>\n<p>Reviiri-j\u00e4rjestelm\u00e4 ei ota kantaa vierailuista mahdollisesti maksettaviin maksuihin tai korvauksiin; niist\u00e4 t\u00e4ytyy sopia muuta kautta.<\/p>\n","protected":false},"excerpt":{"rendered":"<p>Perustiedot Omien tietojen hallinta on jokaisen Reviiri-k\u00e4ytt\u00e4j\u00e4n, niin seuran toimihenkil\u00f6n kuin rivij\u00e4senenkin, k\u00e4ytett\u00e4viss\u00e4. Sellainen Reviiri-k\u00e4ytt\u00e4j\u00e4, jolla ei ole toimihenkil\u00f6roolia miss\u00e4\u00e4n mets\u00e4stysseurassa, ohjataan heti kirjautumisen j\u00e4lkeen omien tietojen hallintaan tarkoitetulle sivulle. Toimihenkil\u00f6 p\u00e4\u00e4see t\u00e4lle sivulle kaikkien sivujen oikeassa yl\u00e4kulmassa oman nimen vieress\u00e4 n\u00e4kyv\u00e4n painikkeen Omat tiedot -valinnalla. Reviiriss\u00e4 on tieto jokaisen k\u00e4ytt\u00e4j\u00e4n nimest\u00e4 ja s\u00e4hk\u00f6postiosoitteesta, jolla<\/p>\n<p class=\"more-link\"><a href=\"https:\/\/reviiri.org\/?page_id=11178\" class=\"themebutton2\">READ MORE<\/a><\/p>\n","protected":false},"author":5,"featured_media":0,"parent":11069,"menu_order":0,"comment_status":"open","ping_status":"closed","template":"","meta":{"footnotes":""},"categories":[],"tags":[50,46,44,45,51,47],"class_list":["post-11178","page","type-page","status-publish","hentry","tag-maastokartta","tag-metsastys","tag-metsastysalue","tag-metsastysalueet","tag-metsastysaluesopimus","tag-metsastysseura"],"_links":{"self":[{"href":"https:\/\/reviiri.org\/index.php?rest_route=\/wp\/v2\/pages\/11178","targetHints":{"allow":["GET"]}}],"collection":[{"href":"https:\/\/reviiri.org\/index.php?rest_route=\/wp\/v2\/pages"}],"about":[{"href":"https:\/\/reviiri.org\/index.php?rest_route=\/wp\/v2\/types\/page"}],"author":[{"embeddable":true,"href":"https:\/\/reviiri.org\/index.php?rest_route=\/wp\/v2\/users\/5"}],"replies":[{"embeddable":true,"href":"https:\/\/reviiri.org\/index.php?rest_route=%2Fwp%2Fv2%2Fcomments&post=11178"}],"version-history":[{"count":4,"href":"https:\/\/reviiri.org\/index.php?rest_route=\/wp\/v2\/pages\/11178\/revisions"}],"predecessor-version":[{"id":11706,"href":"https:\/\/reviiri.org\/index.php?rest_route=\/wp\/v2\/pages\/11178\/revisions\/11706"}],"up":[{"embeddable":true,"href":"https:\/\/reviiri.org\/index.php?rest_route=\/wp\/v2\/pages\/11069"}],"wp:attachment":[{"href":"https:\/\/reviiri.org\/index.php?rest_route=%2Fwp%2Fv2%2Fmedia&parent=11178"}],"wp:term":[{"taxonomy":"category","embeddable":true,"href":"https:\/\/reviiri.org\/index.php?rest_route=%2Fwp%2Fv2%2Fcategories&post=11178"},{"taxonomy":"post_tag","embeddable":true,"href":"https:\/\/reviiri.org\/index.php?rest_route=%2Fwp%2Fv2%2Ftags&post=11178"}],"curies":[{"name":"wp","href":"https:\/\/api.w.org\/{rel}","templated":true}]}}