{"id":11182,"date":"2015-04-29T09:12:58","date_gmt":"2015-04-29T06:12:58","guid":{"rendered":"http:\/\/reviiri.org\/?page_id=11182"},"modified":"2025-01-13T14:36:07","modified_gmt":"2025-01-13T12:36:07","slug":"reviiri-ja-b-bark","status":"publish","type":"page","link":"https:\/\/reviiri.org\/?page_id=11182","title":{"rendered":"Reviirin k\u00e4ytt\u00f6 mobiilikarttasovelluksissa"},"content":{"rendered":"<h2>Reviiri ja Tracker<\/h2>\n<p>Reviiri-kartat n\u00e4kyv\u00e4t <a href=\"http:\/\/www.tracker.fi\/\" target=\"_blank\" rel=\"noopener\">Tracker-sovelluksen<\/a> ilmaisessa versiossa. Et siis tarvitse Tracker-lisenssi\u00e4 k\u00e4ytt\u00e4\u00e4ksesi sovellusta yhdess\u00e4 Reviirin kanssa.<\/p>\n<p>\nKun olet hankkinut Reviiri-k\u00e4ytt\u00e4j\u00e4tunnuksen joko itse tehtyn\u00e4 tai seurasi toimihenkil\u00f6n tekem\u00e4n\u00e4, voit kirjautua j\u00e4rjestelm\u00e4\u00e4n Tracker-sovelluksen asetusvalikon kautta.<\/p>\n<p>\nSy\u00f6t\u00e4 Reviiri-k\u00e4ytt\u00e4j\u00e4tunnuksesi ja salasanasi niille tarkoitettuihin kenttiin ja kirjaudu sis\u00e4\u00e4n. Nyt n\u00e4et karttatasovalinnassa kaikkien niiden seurojen kartat, joihin sinulla on Reviirin kautta p\u00e4\u00e4syoikeus.<\/p>\n","protected":false},"excerpt":{"rendered":"<p>Reviiri ja Tracker Reviiri-kartat n\u00e4kyv\u00e4t Tracker-sovelluksen ilmaisessa versiossa. Et siis tarvitse Tracker-lisenssi\u00e4 k\u00e4ytt\u00e4\u00e4ksesi sovellusta yhdess\u00e4 Reviirin kanssa. Kun olet hankkinut Reviiri-k\u00e4ytt\u00e4j\u00e4tunnuksen joko itse tehtyn\u00e4 tai seurasi toimihenkil\u00f6n tekem\u00e4n\u00e4, voit kirjautua j\u00e4rjestelm\u00e4\u00e4n Tracker-sovelluksen asetusvalikon kautta. Sy\u00f6t\u00e4 Reviiri-k\u00e4ytt\u00e4j\u00e4tunnuksesi ja salasanasi niille tarkoitettuihin kenttiin ja kirjaudu sis\u00e4\u00e4n. Nyt n\u00e4et karttatasovalinnassa kaikkien niiden seurojen kartat, joihin sinulla on Reviirin<\/p>\n<p class=\"more-link\"><a href=\"https:\/\/reviiri.org\/?page_id=11182\" class=\"themebutton2\">READ MORE<\/a><\/p>\n","protected":false},"author":5,"featured_media":0,"parent":11069,"menu_order":0,"comment_status":"open","ping_status":"closed","template":"","meta":{"footnotes":""},"categories":[],"tags":[50,46,44,45,51,47],"class_list":["post-11182","page","type-page","status-publish","hentry","tag-maastokartta","tag-metsastys","tag-metsastysalue","tag-metsastysalueet","tag-metsastysaluesopimus","tag-metsastysseura"],"_links":{"self":[{"href":"https:\/\/reviiri.org\/index.php?rest_route=\/wp\/v2\/pages\/11182","targetHints":{"allow":["GET"]}}],"collection":[{"href":"https:\/\/reviiri.org\/index.php?rest_route=\/wp\/v2\/pages"}],"about":[{"href":"https:\/\/reviiri.org\/index.php?rest_route=\/wp\/v2\/types\/page"}],"author":[{"embeddable":true,"href":"https:\/\/reviiri.org\/index.php?rest_route=\/wp\/v2\/users\/5"}],"replies":[{"embeddable":true,"href":"https:\/\/reviiri.org\/index.php?rest_route=%2Fwp%2Fv2%2Fcomments&post=11182"}],"version-history":[{"count":11,"href":"https:\/\/reviiri.org\/index.php?rest_route=\/wp\/v2\/pages\/11182\/revisions"}],"predecessor-version":[{"id":11705,"href":"https:\/\/reviiri.org\/index.php?rest_route=\/wp\/v2\/pages\/11182\/revisions\/11705"}],"up":[{"embeddable":true,"href":"https:\/\/reviiri.org\/index.php?rest_route=\/wp\/v2\/pages\/11069"}],"wp:attachment":[{"href":"https:\/\/reviiri.org\/index.php?rest_route=%2Fwp%2Fv2%2Fmedia&parent=11182"}],"wp:term":[{"taxonomy":"category","embeddable":true,"href":"https:\/\/reviiri.org\/index.php?rest_route=%2Fwp%2Fv2%2Fcategories&post=11182"},{"taxonomy":"post_tag","embeddable":true,"href":"https:\/\/reviiri.org\/index.php?rest_route=%2Fwp%2Fv2%2Ftags&post=11182"}],"curies":[{"name":"wp","href":"https:\/\/api.w.org\/{rel}","templated":true}]}}