{"id":11202,"date":"2015-04-29T09:55:05","date_gmt":"2015-04-29T06:55:05","guid":{"rendered":"http:\/\/reviiri.org\/?page_id=11202"},"modified":"2025-01-13T14:30:58","modified_gmt":"2025-01-13T12:30:58","slug":"karttamerkintojen-hallinta","status":"publish","type":"page","link":"https:\/\/reviiri.org\/?page_id=11202","title":{"rendered":"Karttamerkint\u00f6jen hallinta"},"content":{"rendered":"<h2>Karttamerkinn\u00e4t<\/h2>\n<p>Reviiri tarjoaa mahdollisuuden kolmeen erityyppiseen karttamerkint\u00e4\u00e4n: <em>paikkapiste<\/em> m\u00e4\u00e4ritt\u00e4\u00e4 yhden kiinnostavan paikan, <em>viivamerkint\u00e4<\/em> yhten\u00e4isen polun, ja <em>aluemerkint\u00e4<\/em> alueen. Kaikki n\u00e4m\u00e4 merkinn\u00e4t ovat aina n\u00e4kyviss\u00e4 my\u00f6s Tracker-mobiilisovelluksessa niill\u00e4 henkil\u00f6ill\u00e4, joilla on p\u00e4\u00e4sy seuran karttoihinkin.<\/p>\n<p>Kaikki karttamerkinn\u00e4t tehd\u00e4\u00e4n aina karttan\u00e4kym\u00e4ss\u00e4 merkitsem\u00e4ll\u00e4 paikka, viiva tai alue hiirell\u00e4. Paikkamerkinn\u00e4n sijainnin voi my\u00f6s kirjoittaa suoraan koordinaatteina, mik\u00e4li halutaan. Kullakin merkinn\u00e4ll\u00e4 on nimi, joka n\u00e4kyy mobiilisovelluksessa\u00a0aina symbolin, viivan tai alueen yhteydess\u00e4, ja mahdollisesti pidempi kuvaus, jonka saa\u00a0haettua erikseen n\u00e4kyville.\u00a0Karttamerkinn\u00e4t voi jakaa kansioihin k\u00e4ytt\u00e4tarkoituksen mukaan; kansiojako n\u00e4kyy my\u00f6s mobiilisovelluksessa. Kun jako kansioihin tehd\u00e4\u00e4n j\u00e4rkev\u00e4sti, pystyy mets\u00e4st\u00e4j\u00e4 helposti yhdell\u00e4 klikkauksella esimerkiksi piilottamaan ruokintapaikat, mutta j\u00e4tt\u00e4m\u00e4\u00e4n passipaikat n\u00e4kyviin.<\/p>\n<p>Viiva- ja aluemerkinn\u00f6ille voi m\u00e4\u00e4ritt\u00e4\u00e4 erikseen asemoinnin joko karttapohjalle tai karttamerkinn\u00e4ksi. Karttapohjalle asemoitaessa merkint\u00e4 k\u00e4ytt\u00e4ytyy kuten sopimusten pohjalta luodut alueetkin: Se on aina kiinte\u00e4sti n\u00e4kyviss\u00e4 samaan aikaan seuran karttojen kanssa, ja sen nime\u00e4 ei n\u00e4ytet\u00e4. Karttamerkinn\u00e4ksi asemoitu viiva tai alue n\u00e4kyy puolestaan samalla tavalla kuin mobiilisovelluksestakin luotu merkint\u00e4: Sen nimi on n\u00e4kyviss\u00e4, ja merkinn\u00e4n\u00a0saa piilotettua kohdevalikon kautta. K\u00e4yt\u00e4nn\u00f6ss\u00e4 karttapohjalle kannattaa asemoida esimerkiksi mets\u00e4styskielto- tai -rajoitusalueet, ja karttamerkinn\u00f6iksi enemm\u00e4n auttavassa roolissa olevat merkinn\u00e4t, kuten kartalta puuttuvat polut, tiepohjat tai s\u00e4hk\u00f6linjat.<\/p>\n<div class=\"arconix-box arconix-box-lgrey\"><i class='fa fa-2x pull-left fa-info-circle'><\/i><div class=\"arconix-box-content\"><strong>Oletko siirtym\u00e4ss\u00e4 Reviiriin jostakin toisesta j\u00e4rjestelm\u00e4st\u00e4?<\/strong> Mik\u00e4li sinulla on karttamerkint\u00f6j\u00e4 jo jossakin toisessa tietoj\u00e4rjestelm\u00e4ss\u00e4, saattaa olla mahdollista siirt\u00e4\u00e4 ne Reviiriin sellaisenaan. Siirto on kuitenkin aina k\u00e4sity\u00f6t\u00e4 ja hinnoitellaan erikseen. Lis\u00e4tietoja saat <a href=\"mailto:reviiri@reviiri.org\">s\u00e4hk\u00f6postitse osoitteesta reviiri@reviiri.org<\/a>.<\/div><\/div>\n","protected":false},"excerpt":{"rendered":"<p>Karttamerkinn\u00e4t Reviiri tarjoaa mahdollisuuden kolmeen erityyppiseen karttamerkint\u00e4\u00e4n: paikkapiste m\u00e4\u00e4ritt\u00e4\u00e4 yhden kiinnostavan paikan, viivamerkint\u00e4 yhten\u00e4isen polun, ja aluemerkint\u00e4 alueen. Kaikki n\u00e4m\u00e4 merkinn\u00e4t ovat aina n\u00e4kyviss\u00e4 my\u00f6s Tracker-mobiilisovelluksessa niill\u00e4 henkil\u00f6ill\u00e4, joilla on p\u00e4\u00e4sy seuran karttoihinkin. Kaikki karttamerkinn\u00e4t tehd\u00e4\u00e4n aina karttan\u00e4kym\u00e4ss\u00e4 merkitsem\u00e4ll\u00e4 paikka, viiva tai alue hiirell\u00e4. Paikkamerkinn\u00e4n sijainnin voi my\u00f6s kirjoittaa suoraan koordinaatteina, mik\u00e4li halutaan. Kullakin merkinn\u00e4ll\u00e4<\/p>\n<p class=\"more-link\"><a href=\"https:\/\/reviiri.org\/?page_id=11202\" class=\"themebutton2\">READ MORE<\/a><\/p>\n","protected":false},"author":5,"featured_media":0,"parent":11069,"menu_order":0,"comment_status":"open","ping_status":"closed","template":"","meta":{"footnotes":""},"categories":[],"tags":[64,66,50,45,51,67,47,65],"class_list":["post-11202","page","type-page","status-publish","hentry","tag-karttamerkinta","tag-karttapohja","tag-maastokartta","tag-metsastysalueet","tag-metsastysaluesopimus","tag-metsastyskieloalue","tag-metsastysseura","tag-paikkapiste"],"_links":{"self":[{"href":"https:\/\/reviiri.org\/index.php?rest_route=\/wp\/v2\/pages\/11202","targetHints":{"allow":["GET"]}}],"collection":[{"href":"https:\/\/reviiri.org\/index.php?rest_route=\/wp\/v2\/pages"}],"about":[{"href":"https:\/\/reviiri.org\/index.php?rest_route=\/wp\/v2\/types\/page"}],"author":[{"embeddable":true,"href":"https:\/\/reviiri.org\/index.php?rest_route=\/wp\/v2\/users\/5"}],"replies":[{"embeddable":true,"href":"https:\/\/reviiri.org\/index.php?rest_route=%2Fwp%2Fv2%2Fcomments&post=11202"}],"version-history":[{"count":4,"href":"https:\/\/reviiri.org\/index.php?rest_route=\/wp\/v2\/pages\/11202\/revisions"}],"predecessor-version":[{"id":11743,"href":"https:\/\/reviiri.org\/index.php?rest_route=\/wp\/v2\/pages\/11202\/revisions\/11743"}],"up":[{"embeddable":true,"href":"https:\/\/reviiri.org\/index.php?rest_route=\/wp\/v2\/pages\/11069"}],"wp:attachment":[{"href":"https:\/\/reviiri.org\/index.php?rest_route=%2Fwp%2Fv2%2Fmedia&parent=11202"}],"wp:term":[{"taxonomy":"category","embeddable":true,"href":"https:\/\/reviiri.org\/index.php?rest_route=%2Fwp%2Fv2%2Fcategories&post=11202"},{"taxonomy":"post_tag","embeddable":true,"href":"https:\/\/reviiri.org\/index.php?rest_route=%2Fwp%2Fv2%2Ftags&post=11202"}],"curies":[{"name":"wp","href":"https:\/\/api.w.org\/{rel}","templated":true}]}}