{"id":11207,"date":"2015-04-29T10:13:27","date_gmt":"2015-04-29T07:13:27","guid":{"rendered":"http:\/\/reviiri.org\/?page_id=11207"},"modified":"2022-08-24T20:39:21","modified_gmt":"2022-08-24T17:39:21","slug":"yhteenvedot-ja-tulosteet","status":"publish","type":"page","link":"https:\/\/reviiri.org\/?page_id=11207","title":{"rendered":"Yhteenvedot"},"content":{"rendered":"<h3>Yhteenvedot<\/h3>\n<p>Seuran tietojen\u00a0<em>Yhteenvedot<\/em>-v\u00e4lilehdell\u00e4 n\u00e4kyv\u00e4t erittelyt seuran sopimusalueista mets\u00e4styslajeittain. Kullekin lajille n\u00e4ytet\u00e4\u00e4n sopimusten ja sopimustilojen lukum\u00e4\u00e4r\u00e4 ja kokonais- sek\u00e4 keskiarvopinta-alat.<\/p>\n<p>Lis\u00e4ksi yhteenvetosivulta saa ladattua\u00a0listat seuran j\u00e4senist\u00e4 ja sopimuksista ODS-muodossa, joka kelpaa sellaisenaan esimerkiksi Exceliin. Sopimusaluetietojen siirto <a href=\"https:\/\/oma.riista.fi\/\">Oma riista<\/a> -j\u00e4rjestelm\u00e4\u00e4n tehd\u00e4\u00e4n my\u00f6s t\u00e4\u00e4lt\u00e4.<\/p>\n<h3>Tulosteet suoraan j\u00e4rjestelm\u00e4st\u00e4<\/h3>\n<p>Kultakin mets\u00e4styslajilta saa ladattua\u00a0PDF-muotoisen karttaliitteen suoraan yhteenvetosivulta. Karttaliite kelpaa yleisn\u00e4kym\u00e4ksi seuran alueista, mutta kovin tarkkaa kuvaa siit\u00e4 ei saa. Tarkempia tulosteita voi muodostaa <em>Karttatulosteet<\/em>-v\u00e4lilehden toimintojen avulla.<\/p>\n<h3><\/h3>\n","protected":false},"excerpt":{"rendered":"<p>Yhteenvedot Seuran tietojen\u00a0Yhteenvedot-v\u00e4lilehdell\u00e4 n\u00e4kyv\u00e4t erittelyt seuran sopimusalueista mets\u00e4styslajeittain. Kullekin lajille n\u00e4ytet\u00e4\u00e4n sopimusten ja sopimustilojen lukum\u00e4\u00e4r\u00e4 ja kokonais- sek\u00e4 keskiarvopinta-alat. Lis\u00e4ksi yhteenvetosivulta saa ladattua\u00a0listat seuran j\u00e4senist\u00e4 ja sopimuksista ODS-muodossa, joka kelpaa sellaisenaan esimerkiksi Exceliin. Sopimusaluetietojen siirto Oma riista -j\u00e4rjestelm\u00e4\u00e4n tehd\u00e4\u00e4n my\u00f6s t\u00e4\u00e4lt\u00e4. Tulosteet suoraan j\u00e4rjestelm\u00e4st\u00e4 Kultakin mets\u00e4styslajilta saa ladattua\u00a0PDF-muotoisen karttaliitteen suoraan yhteenvetosivulta. Karttaliite kelpaa yleisn\u00e4kym\u00e4ksi seuran<\/p>\n<p class=\"more-link\"><a href=\"https:\/\/reviiri.org\/?page_id=11207\" class=\"themebutton2\">READ MORE<\/a><\/p>\n","protected":false},"author":5,"featured_media":0,"parent":11069,"menu_order":0,"comment_status":"open","ping_status":"closed","template":"","meta":{"footnotes":""},"categories":[],"tags":[],"class_list":["post-11207","page","type-page","status-publish","hentry"],"_links":{"self":[{"href":"https:\/\/reviiri.org\/index.php?rest_route=\/wp\/v2\/pages\/11207","targetHints":{"allow":["GET"]}}],"collection":[{"href":"https:\/\/reviiri.org\/index.php?rest_route=\/wp\/v2\/pages"}],"about":[{"href":"https:\/\/reviiri.org\/index.php?rest_route=\/wp\/v2\/types\/page"}],"author":[{"embeddable":true,"href":"https:\/\/reviiri.org\/index.php?rest_route=\/wp\/v2\/users\/5"}],"replies":[{"embeddable":true,"href":"https:\/\/reviiri.org\/index.php?rest_route=%2Fwp%2Fv2%2Fcomments&post=11207"}],"version-history":[{"count":7,"href":"https:\/\/reviiri.org\/index.php?rest_route=\/wp\/v2\/pages\/11207\/revisions"}],"predecessor-version":[{"id":11544,"href":"https:\/\/reviiri.org\/index.php?rest_route=\/wp\/v2\/pages\/11207\/revisions\/11544"}],"up":[{"embeddable":true,"href":"https:\/\/reviiri.org\/index.php?rest_route=\/wp\/v2\/pages\/11069"}],"wp:attachment":[{"href":"https:\/\/reviiri.org\/index.php?rest_route=%2Fwp%2Fv2%2Fmedia&parent=11207"}],"wp:term":[{"taxonomy":"category","embeddable":true,"href":"https:\/\/reviiri.org\/index.php?rest_route=%2Fwp%2Fv2%2Fcategories&post=11207"},{"taxonomy":"post_tag","embeddable":true,"href":"https:\/\/reviiri.org\/index.php?rest_route=%2Fwp%2Fv2%2Ftags&post=11207"}],"curies":[{"name":"wp","href":"https:\/\/api.w.org\/{rel}","templated":true}]}}