{"id":11258,"date":"2015-04-29T09:55:05","date_gmt":"2015-04-29T06:55:05","guid":{"rendered":"http:\/\/reviiri.org\/?page_id=11258"},"modified":"2017-02-16T11:06:48","modified_gmt":"2017-02-16T09:06:48","slug":"karttamerkintojen-hallinta","status":"publish","type":"page","link":"https:\/\/reviiri.org\/?page_id=11258&lang=sv","title":{"rendered":"F\u00f6rvaltning av kartmarkeringar"},"content":{"rendered":"<h2>Kartmarkeringar<\/h2>\n<p>Reviiri erbjuder m\u00f6jligheten till tre olika typer av kartmarkeringar, punktplacering visar p\u00e5 en plats av intresse, en linjemarkering markerar v\u00e4gar och stigar, och omr\u00e5desmarkeringen visar omr\u00e5det. Alla dessa markeringar \u00e4r \u00e4ven synliga i b-bark-mobilapplikationen f\u00f6r de personer som har tillg\u00e5ng till klubbens kartor.<\/p>\n<p>Alla kartmarkeringar g\u00f6rs i kartvyn genom att markera platsen, linje eller ett omr\u00e5de med musen. I punktplaceringen kan det direkt skrivas in koordinater, om s\u00e5 \u00f6nskas. Varje markering har ett namn som visas p\u00e5 mobilapplikationen tillsammans med en symbol, linje, eller omr\u00e5de, och eventuellt en l\u00e4ngre beskrivning som kan s\u00f6kas separat i vyn. Kartmarkeringar kan delas in i mappar enligt anv\u00e4ndning, mappindelningen syns i mobilapplikationen. N\u00e4r uppdelningen i mappar sker f\u00f6rnuftigt, kan j\u00e4garen l\u00e4tt med bara ett klick, d\u00f6lja utfodringsplatser till exempel men l\u00e4mna passplatser synliga.<\/p>\n<p>Linje- och omr\u00e5desmarkeringarna kan utformas mot kartbotten eller kartmarkering. Vid utformning mot kartbotten blir det som omr\u00e5den skapade i avtal: Den \u00e4r alltid synlig samtidigt med klubbens kartor och dess namn visas inte. Vid utformning som kartmarkering syns linje eller omr\u00e5de p\u00e5 samma s\u00e4tt som en markering skapad i mobilapplikationen: Dess namn visas, och etiketten kan d\u00f6ljas via en kontextmeny. I praktiken b\u00f6r du anv\u00e4nda kartbotten f\u00f6r till exempel omr\u00e5den med jaktf\u00f6rbud och begr\u00e4nsade omr\u00e5den, och kartmarkering hj\u00e4lper mer f\u00f6r att markera stigar som saknas p\u00e5 kartan eller elledningar.<\/p>\n<div class=\"arconix-box arconix-box-lgrey\"><i class='fa fa-2x pull-left fa-info-circle'><\/i><div class=\"arconix-box-content\"><strong>Ska du flytta till Reviiri fr\u00e5n n\u00e5got annat system?<\/strong> Om du har n\u00e5gra kartmarkeringar i ett annat datasystem, kan det vara m\u00f6jligt att \u00f6verf\u00f6ra dem till Reviiri i befintligt skick. Men \u00f6verf\u00f6ringen g\u00f6rs alltid manuellt och priss\u00e4tts separat. F\u00f6r mer information kan du skriva till <a href=\"mailto:reviiri@reviiri.org\">reviiri@reviiri.org<\/a>.<\/div><\/div>\n","protected":false},"excerpt":{"rendered":"<p>Kartmarkeringar Reviiri erbjuder m\u00f6jligheten till tre olika typer av kartmarkeringar, punktplacering visar p\u00e5 en plats av intresse, en linjemarkering markerar v\u00e4gar och stigar, och omr\u00e5desmarkeringen visar omr\u00e5det. Alla dessa markeringar \u00e4r \u00e4ven synliga i b-bark-mobilapplikationen f\u00f6r de personer som har tillg\u00e5ng till klubbens kartor. Alla kartmarkeringar g\u00f6rs i kartvyn genom att markera platsen, linje eller<\/p>\n<p class=\"more-link\"><a href=\"https:\/\/reviiri.org\/?page_id=11258&#038;lang=sv\" class=\"themebutton2\">READ MORE<\/a><\/p>\n","protected":false},"author":3,"featured_media":0,"parent":11273,"menu_order":0,"comment_status":"open","ping_status":"closed","template":"","meta":{"footnotes":""},"categories":[],"tags":[64,67],"class_list":["post-11258","page","type-page","status-publish","hentry","tag-karttamerkinta","tag-metsastyskieloalue"],"_links":{"self":[{"href":"https:\/\/reviiri.org\/index.php?rest_route=\/wp\/v2\/pages\/11258","targetHints":{"allow":["GET"]}}],"collection":[{"href":"https:\/\/reviiri.org\/index.php?rest_route=\/wp\/v2\/pages"}],"about":[{"href":"https:\/\/reviiri.org\/index.php?rest_route=\/wp\/v2\/types\/page"}],"author":[{"embeddable":true,"href":"https:\/\/reviiri.org\/index.php?rest_route=\/wp\/v2\/users\/3"}],"replies":[{"embeddable":true,"href":"https:\/\/reviiri.org\/index.php?rest_route=%2Fwp%2Fv2%2Fcomments&post=11258"}],"version-history":[{"count":3,"href":"https:\/\/reviiri.org\/index.php?rest_route=\/wp\/v2\/pages\/11258\/revisions"}],"predecessor-version":[{"id":11563,"href":"https:\/\/reviiri.org\/index.php?rest_route=\/wp\/v2\/pages\/11258\/revisions\/11563"}],"up":[{"embeddable":true,"href":"https:\/\/reviiri.org\/index.php?rest_route=\/wp\/v2\/pages\/11273"}],"wp:attachment":[{"href":"https:\/\/reviiri.org\/index.php?rest_route=%2Fwp%2Fv2%2Fmedia&parent=11258"}],"wp:term":[{"taxonomy":"category","embeddable":true,"href":"https:\/\/reviiri.org\/index.php?rest_route=%2Fwp%2Fv2%2Fcategories&post=11258"},{"taxonomy":"post_tag","embeddable":true,"href":"https:\/\/reviiri.org\/index.php?rest_route=%2Fwp%2Fv2%2Ftags&post=11258"}],"curies":[{"name":"wp","href":"https:\/\/api.w.org\/{rel}","templated":true}]}}