{"id":11273,"date":"2015-04-11T14:22:38","date_gmt":"2015-04-11T11:22:38","guid":{"rendered":"http:\/\/reviiri.org\/?page_id=11273"},"modified":"2017-02-16T11:06:46","modified_gmt":"2017-02-16T09:06:46","slug":"kayttoohjeet","status":"publish","type":"page","link":"https:\/\/reviiri.org\/?page_id=11273&lang=sv","title":{"rendered":"Bruksanvisning"},"content":{"rendered":"<p>I listan nedan kan du tillg\u00e5ng till instruktioner undersidor , d\u00e4r du kan f\u00e5 instruktioner f\u00f6r olika funktioner i Reviiri.<\/p>\n<ul>\n<li><a href=\"https:\/\/reviiri.org\/?page_id=11285&lang=sv&lang=sv\">Egna uppgifter i Reviiri-systemet<\/a><\/li>\n<li><a href=\"https:\/\/reviiri.org\/?page_id=11294&lang=sv&lang=sv\">Reviirin k\u00e4ytt\u00f6\u00a0mobiilisovelluksissa<\/a><\/li>\n<li><a href=\"https:\/\/reviiri.org\/?page_id=11298&lang=sv&lang=sv\">Information om f\u00f6reningen<\/a><\/li>\n<li><a href=\"https:\/\/reviiri.org\/?page_id=11304&lang=sv&lang=sv\">Avtalshantering<\/a><\/li>\n<li><a href=\"https:\/\/reviiri.org\/?page_id=11258&lang=sv&lang=sv\">F\u00f6rvaltning av kartmarkeringar<\/a><\/li>\n<li><a href=\"https:\/\/reviiri.org\/?page_id=11329&lang=sv&lang=sv\">Sammanfattningar<\/a><\/li>\n<li><a href=\"https:\/\/reviiri.org\/?page_id=11463&lang=sv\">Kartutskrifter<\/a><\/li>\n<\/ul>\n","protected":false},"excerpt":{"rendered":"<p>I listan nedan kan du tillg\u00e5ng till instruktioner undersidor , d\u00e4r du kan f\u00e5 instruktioner f\u00f6r olika funktioner i Reviiri. Egna uppgifter i Reviiri-systemet Reviirin k\u00e4ytt\u00f6\u00a0mobiilisovelluksissa Information om f\u00f6reningen Avtalshantering F\u00f6rvaltning av kartmarkeringar Sammanfattningar Kartutskrifter<\/p>\n","protected":false},"author":3,"featured_media":0,"parent":0,"menu_order":0,"comment_status":"open","ping_status":"open","template":"","meta":{"footnotes":""},"categories":[],"tags":[48,52,53,49,50,46,44,45,51,47],"class_list":["post-11273","page","type-page","status-publish","hentry","tag-hirvenpyynti","tag-kaatolupa","tag-kaatoluvat","tag-karhunpyynti","tag-maastokartta","tag-metsastys","tag-metsastysalue","tag-metsastysalueet","tag-metsastysaluesopimus","tag-metsastysseura"],"_links":{"self":[{"href":"https:\/\/reviiri.org\/index.php?rest_route=\/wp\/v2\/pages\/11273","targetHints":{"allow":["GET"]}}],"collection":[{"href":"https:\/\/reviiri.org\/index.php?rest_route=\/wp\/v2\/pages"}],"about":[{"href":"https:\/\/reviiri.org\/index.php?rest_route=\/wp\/v2\/types\/page"}],"author":[{"embeddable":true,"href":"https:\/\/reviiri.org\/index.php?rest_route=\/wp\/v2\/users\/3"}],"replies":[{"embeddable":true,"href":"https:\/\/reviiri.org\/index.php?rest_route=%2Fwp%2Fv2%2Fcomments&post=11273"}],"version-history":[{"count":5,"href":"https:\/\/reviiri.org\/index.php?rest_route=\/wp\/v2\/pages\/11273\/revisions"}],"predecessor-version":[{"id":11574,"href":"https:\/\/reviiri.org\/index.php?rest_route=\/wp\/v2\/pages\/11273\/revisions\/11574"}],"wp:attachment":[{"href":"https:\/\/reviiri.org\/index.php?rest_route=%2Fwp%2Fv2%2Fmedia&parent=11273"}],"wp:term":[{"taxonomy":"category","embeddable":true,"href":"https:\/\/reviiri.org\/index.php?rest_route=%2Fwp%2Fv2%2Fcategories&post=11273"},{"taxonomy":"post_tag","embeddable":true,"href":"https:\/\/reviiri.org\/index.php?rest_route=%2Fwp%2Fv2%2Ftags&post=11273"}],"curies":[{"name":"wp","href":"https:\/\/api.w.org\/{rel}","templated":true}]}}