{"id":11285,"date":"2015-04-29T09:00:59","date_gmt":"2015-04-29T06:00:59","guid":{"rendered":"http:\/\/reviiri.org\/?page_id=11285"},"modified":"2017-02-16T11:06:47","modified_gmt":"2017-02-16T09:06:47","slug":"omat-tiedot-reviiri-jarjestelmassa","status":"publish","type":"page","link":"https:\/\/reviiri.org\/?page_id=11285&lang=sv","title":{"rendered":"Egna uppgifter i Reviiri-systemet"},"content":{"rendered":"<h2>Basinformation<\/h2>\n<p>Hantering av personlig information \u00e4r tillg\u00e4nglig f\u00f6r varje Reviiri-anv\u00e4ndare, s\u00e5v\u00e4l som f\u00f6r f\u00f6reningens personal och medlemmar. En s\u00e5dan Reviiri-anv\u00e4ndare som inte har en anst\u00e4llningsroll i en jaktklubb styrs direkt efter inloggning p\u00e5 sidan f\u00f6r f\u00f6rvaltningen av egna uppgifter. En anst\u00e4lld kan komma till denna sida i det \u00f6vre h\u00f6gra h\u00f6rnet p\u00e5 alla sidor bredvid sitt namn med <em>Egna uppgifter<\/em>.<\/p>\n<p>I Reviiri finns uppgifter om varje anv\u00e4ndares namn och e-postadress f\u00f6r att logga in p\u00e5 systemet. Dessutom, kan man anm\u00e4la adress och telefonnummer. Denna information \u00e4r viktig om f\u00f6reningen anv\u00e4nder Reviiri som endast medlemsregister. Anst\u00e4llda b\u00f6r ocks\u00e5 registrera deras telefonnummer, eftersom det ing\u00e5r i denne anst\u00e4lldes hyresavtal som kontakt.<\/p>\n<p>L\u00f6senordet kan ocks\u00e5 bytas p\u00e5 den h\u00e4r sidan, skriv ett nytt l\u00f6senord tv\u00e5 g\u00e5nger och lagra data.<\/p>\n<h2>Medlemskap och bes\u00f6ksr\u00e4tt<\/h2>\n<p>P\u00e5 den h\u00f6gra sidan av grundl\u00e4ggande uppgifter visas en lista \u00f6ver jaktf\u00f6reningar, som anv\u00e4ndaren har tillg\u00e5ng till. Kartor visas i b-bark mobilapplikation; <a href=\"http:\/\/reviiri.org\/?page_id=11294&#038;lang=sv\">av denna finns en separat instruktion<\/a>. H\u00e4r finns ocks\u00e5 en l\u00e4nk via vilken du kan st\u00e4lla in ett nytt system f\u00f6r att \u00f6vervaka informationen om du vill.<\/p>\n<p>Genom att ha bes\u00f6ksm\u00f6jlighet kan anv\u00e4ndare f\u00e5 tillg\u00e5ng till kartor \u00f6ver de f\u00f6reningar vars medlemmar de inte \u00e4r. Bes\u00f6kstillst\u00e5nd medges alltid av den anst\u00e4llde i f\u00f6reningen och det kan vara \u00f6nskv\u00e4rt att begr\u00e4nsa \u00f6ver en viss tid. N\u00e4r du beg\u00e4r ett bes\u00f6kstillst\u00e5nd via en l\u00e4nk p\u00e5 sidan Egna uppgifter s\u00e4nds sida ett meddelande till f\u00f6reningens personal. Efter att de har accepterat din bes\u00f6ksbeg\u00e4ran kan du f\u00e5 kartor och information.<\/p>\n<p>Reviiri-systemet tar inte st\u00e4llning till varje bes\u00f6ks betalningar eller ers\u00e4ttning; man m\u00e5ste komma \u00f6verens genom andra kanaler.<\/p>\n","protected":false},"excerpt":{"rendered":"<p>Basinformation Hantering av personlig information \u00e4r tillg\u00e4nglig f\u00f6r varje Reviiri-anv\u00e4ndare, s\u00e5v\u00e4l som f\u00f6r f\u00f6reningens personal och medlemmar. En s\u00e5dan Reviiri-anv\u00e4ndare som inte har en anst\u00e4llningsroll i en jaktklubb styrs direkt efter inloggning p\u00e5 sidan f\u00f6r f\u00f6rvaltningen av egna uppgifter. En anst\u00e4lld kan komma till denna sida i det \u00f6vre h\u00f6gra h\u00f6rnet p\u00e5 alla sidor bredvid<\/p>\n<p class=\"more-link\"><a href=\"https:\/\/reviiri.org\/?page_id=11285&#038;lang=sv\" class=\"themebutton2\">READ MORE<\/a><\/p>\n","protected":false},"author":3,"featured_media":0,"parent":11273,"menu_order":0,"comment_status":"open","ping_status":"closed","template":"","meta":{"footnotes":""},"categories":[],"tags":[50,51],"class_list":["post-11285","page","type-page","status-publish","hentry","tag-maastokartta","tag-metsastysaluesopimus"],"_links":{"self":[{"href":"https:\/\/reviiri.org\/index.php?rest_route=\/wp\/v2\/pages\/11285","targetHints":{"allow":["GET"]}}],"collection":[{"href":"https:\/\/reviiri.org\/index.php?rest_route=\/wp\/v2\/pages"}],"about":[{"href":"https:\/\/reviiri.org\/index.php?rest_route=\/wp\/v2\/types\/page"}],"author":[{"embeddable":true,"href":"https:\/\/reviiri.org\/index.php?rest_route=\/wp\/v2\/users\/3"}],"replies":[{"embeddable":true,"href":"https:\/\/reviiri.org\/index.php?rest_route=%2Fwp%2Fv2%2Fcomments&post=11285"}],"version-history":[{"count":3,"href":"https:\/\/reviiri.org\/index.php?rest_route=\/wp\/v2\/pages\/11285\/revisions"}],"predecessor-version":[{"id":11556,"href":"https:\/\/reviiri.org\/index.php?rest_route=\/wp\/v2\/pages\/11285\/revisions\/11556"}],"up":[{"embeddable":true,"href":"https:\/\/reviiri.org\/index.php?rest_route=\/wp\/v2\/pages\/11273"}],"wp:attachment":[{"href":"https:\/\/reviiri.org\/index.php?rest_route=%2Fwp%2Fv2%2Fmedia&parent=11285"}],"wp:term":[{"taxonomy":"category","embeddable":true,"href":"https:\/\/reviiri.org\/index.php?rest_route=%2Fwp%2Fv2%2Fcategories&post=11285"},{"taxonomy":"post_tag","embeddable":true,"href":"https:\/\/reviiri.org\/index.php?rest_route=%2Fwp%2Fv2%2Ftags&post=11285"}],"curies":[{"name":"wp","href":"https:\/\/api.w.org\/{rel}","templated":true}]}}