{"id":11289,"date":"2015-04-11T14:22:58","date_gmt":"2015-04-11T11:22:58","guid":{"rendered":"http:\/\/reviiri.org\/?page_id=11289"},"modified":"2026-01-30T11:28:07","modified_gmt":"2026-01-30T09:28:07","slug":"ominaisuudet-2","status":"publish","type":"page","link":"https:\/\/reviiri.org\/?page_id=11289&lang=sv","title":{"rendered":"Egenskaper"},"content":{"rendered":"<h2>\u00d6versikt<\/h2>\n<p>Tanken med Reviiri \u00e4r att hj\u00e4lpa jaktklubbens tj\u00e4nstem\u00e4n att f\u00f6rvara och h\u00e5lla ordning p\u00e5 f\u00f6reningens hyresavtal g\u00e4llande jaktomr\u00e5den. N\u00e4r f\u00f6reningens alla hyresavtal finns i Reviiri s\u00e5 kan du p\u00e5 ett \u00f6gonblick se vilka avtal som som \u00e4r utl\u00f6pande och f\u00f6reningsmedlemmarna har hela tiden tillg\u00e5ng till en uppdaterad karta \u00f6ver jaktomr\u00e5det. Arrendeomr\u00e5det som \u00e4r lagrat i Reviiri tj\u00e4nar f\u00f6reningen p\u00e5 flera olika s\u00e4tt:<\/p>\n<ol>\n<li><strong>Avtalshantering.<\/strong>\u00a0Avtalen i Reviiri inneh\u00e5ller noggrann information om det arrenderade jaktomr\u00e5det. Hyresavtalet f\u00f6rvaras i s\u00e4kerhet och \u00f6verensst\u00e4mmer alltid med det som kommits \u00f6verens med hyresv\u00e4rden. I hyresavtalet ing\u00e5r alltid en bifogad karta.<\/li>\n<li><strong>Underh\u00e5ll av kartsymboler.<\/strong> Jaktf\u00f6reningen kan t.ex. markera platser i samband med viltv\u00e5rd eller jakt direkt p\u00e5 kartan. De visas p\u00e5 kartan tillsammans med jaktomr\u00e5det.<\/li>\n<li><strong>Jaktbruk.<\/strong> Alla hyresomr\u00e5den som omfattas av undertecknade avtal syns i realtid f\u00f6r allla f\u00f6reningens medlemmar i mobilapplikationen Tracker. P\u00e5 s\u00e5 s\u00e4tt beh\u00f6ver inte j\u00e4garna undra \u00f6ver vad som f\u00e5r jagas p\u00e5 omr\u00e5det i fr\u00e5ga.<\/li>\n<li><strong>Ans\u00f6kan om tillst\u00e5nd.<\/strong> Med Reviiri kan du framst\u00e4lla n\u00f6dv\u00e4ndigt kartmaterial till olika licensans\u00f6kningar.<\/li>\n<li><strong>Utskrift av kartor<\/strong>. Fr\u00e5n Reviiri programmet f\u00e5r du alltid ut uppdaterade kartor i digital format (PDG, PNG, JPEG).<\/li>\n<\/ol>\n<p>Mer detaljerad beskrivning av Reviiris egenskaper samt instruktioner hittar du i <a title=\"K\u00e4ytt\u00f6ohjeet\" href=\"https:\/\/reviiri.org\/?page_id=11273&lang=sv&lang=sv\">manualen<\/a> p\u00e5 webbplatsen.<\/p>\n<h2>Ta i bruk<\/h2>\n<div class=\"arconix-box arconix-box-lgrey\"><i class='fa fa-2x pull-left fa-info-circle'><\/i><div class=\"arconix-box-content\"><strong>T\u00e4nker ni byta till Reviiris fr\u00e5n ett annat system?<\/strong> Om era avtal redan finns tillg\u00e4ngliga i ett datasystem kan det vara m\u00f6jligt att flytta allt till Reviiri som s\u00e5dan. Ni kan g\u00f6ra \u00f6verf\u00f6ringen sj\u00e4lva eller s\u00e5 kan vi g\u00f6ra det f\u00f6r er mot en ers\u00e4ttning. F\u00f6r mer information kan du skriva till <a href=\"mailto:reviiri@reviiri.org\">reviiri@reviiri.org<\/a><\/div><\/div>\n<h2><a name=\"Priss\u00e4ttning\"><\/a>Priss\u00e4ttning<\/h2>\n<p>Reviiris \u00e5rliga avgift \u00e4r <strong>219,00\u20ac (moms 25,5%)<\/strong>. <a href=\"https:\/\/metsastajaliitto.fi\/\" target=\"_blank\" rel=\"noopener\">Finlands J\u00e4garf\u00f6rbundets<\/a> medlemsf\u00f6reningar f\u00e5r ett rabatt och betalar bara <strong>129,00\u20ac (moms 25,5%)<\/strong>! Anv\u00e4ndningsr\u00e4ttigheten \u00e4r ikraft ett \u00e5r i taget med en b\u00f6rjan fr\u00e5n f\u00f6rsta betalningsdagen.<\/p>\n<div class=\"arconix-box arconix-box-lgrey\"><i class='fa fa-2x pull-left fa-info-circle'><\/i><div class=\"arconix-box-content\">F\u00f6r den enskilde j\u00e4garen som h\u00f6r till en f\u00f6rening som anv\u00e4nder Reviiri \u00e4r systemet helt gratis. Jaktf\u00f6reningens omr\u00e5de syns i <a href=\"http:\/\/www.tracker.fi\/\" target=\"_blank\" rel=\"noopener\">Tracker<\/a> applikationens gratisversion.<\/div><\/div>\n<h2>Bli Reviiri-anv\u00e4ndare<\/h2>\n<p>\u00c4r din jaktklubb intresserad av att anv\u00e4nda Reviiri? <a href=\"http:\/\/reviiri.org\/reviiri\/login\/new-club\/\" target=\"_blank\" rel=\"noopener\">Du kan prova Reviiri helt gratis i 30 dagar!<\/a><\/p>\n","protected":false},"excerpt":{"rendered":"<p>\u00d6versikt Tanken med Reviiri \u00e4r att hj\u00e4lpa jaktklubbens tj\u00e4nstem\u00e4n att f\u00f6rvara och h\u00e5lla ordning p\u00e5 f\u00f6reningens hyresavtal g\u00e4llande jaktomr\u00e5den. N\u00e4r f\u00f6reningens alla hyresavtal finns i Reviiri s\u00e5 kan du p\u00e5 ett \u00f6gonblick se vilka avtal som som \u00e4r utl\u00f6pande och f\u00f6reningsmedlemmarna har hela tiden tillg\u00e5ng till en uppdaterad karta \u00f6ver jaktomr\u00e5det. Arrendeomr\u00e5det som \u00e4r lagrat<\/p>\n<p class=\"more-link\"><a href=\"https:\/\/reviiri.org\/?page_id=11289&#038;lang=sv\" class=\"themebutton2\">READ MORE<\/a><\/p>\n","protected":false},"author":3,"featured_media":0,"parent":0,"menu_order":0,"comment_status":"open","ping_status":"open","template":"","meta":{"footnotes":""},"categories":[],"tags":[],"class_list":["post-11289","page","type-page","status-publish","hentry"],"_links":{"self":[{"href":"https:\/\/reviiri.org\/index.php?rest_route=\/wp\/v2\/pages\/11289","targetHints":{"allow":["GET"]}}],"collection":[{"href":"https:\/\/reviiri.org\/index.php?rest_route=\/wp\/v2\/pages"}],"about":[{"href":"https:\/\/reviiri.org\/index.php?rest_route=\/wp\/v2\/types\/page"}],"author":[{"embeddable":true,"href":"https:\/\/reviiri.org\/index.php?rest_route=\/wp\/v2\/users\/3"}],"replies":[{"embeddable":true,"href":"https:\/\/reviiri.org\/index.php?rest_route=%2Fwp%2Fv2%2Fcomments&post=11289"}],"version-history":[{"count":18,"href":"https:\/\/reviiri.org\/index.php?rest_route=\/wp\/v2\/pages\/11289\/revisions"}],"predecessor-version":[{"id":11766,"href":"https:\/\/reviiri.org\/index.php?rest_route=\/wp\/v2\/pages\/11289\/revisions\/11766"}],"wp:attachment":[{"href":"https:\/\/reviiri.org\/index.php?rest_route=%2Fwp%2Fv2%2Fmedia&parent=11289"}],"wp:term":[{"taxonomy":"category","embeddable":true,"href":"https:\/\/reviiri.org\/index.php?rest_route=%2Fwp%2Fv2%2Fcategories&post=11289"},{"taxonomy":"post_tag","embeddable":true,"href":"https:\/\/reviiri.org\/index.php?rest_route=%2Fwp%2Fv2%2Ftags&post=11289"}],"curies":[{"name":"wp","href":"https:\/\/api.w.org\/{rel}","templated":true}]}}