{"id":11294,"date":"2015-04-29T09:12:58","date_gmt":"2015-04-29T06:12:58","guid":{"rendered":"http:\/\/reviiri.org\/?page_id=11294"},"modified":"2017-05-02T09:29:42","modified_gmt":"2017-05-02T06:29:42","slug":"reviiri-ja-b-bark","status":"publish","type":"page","link":"https:\/\/reviiri.org\/?page_id=11294&lang=sv","title":{"rendered":"Anv\u00e4ndning av Reviiri i appen f\u00f6r mobilkartor"},"content":{"rendered":"<h2>Reviiri och b-bark<\/h2>\n<p>Reviiri-kartorna syns i gratisversionen av <a href=\"http:\/\/www.b-bark.com\/\" target=\"_blank\">b-bark appen<\/a>. Du beh\u00f6ver allts\u00e5 ingen b-bark licens f\u00f6r att anv\u00e4nda dig av appen tillsammans med Reviiri.<\/p>\n<p>D\u00e5 du skapat anv\u00e4ndarkonto till Reviiri antingen sj\u00e4lv eller med hj\u00e4lp av en f\u00f6reningsfunktion\u00e4r, s\u00e5 kan du logga in i systemet via b-bark appens inst\u00e4llningsmeny:<\/p>\n<ul>\n<li>Windows Phone: I kartuppslagets nedre del finns ett kugghjul (inst\u00e4llningar), tryck p\u00e5 det och dra tre g\u00e5nger till h\u00f6ger f\u00f6r att komma till <em>Reviiri<\/em>-sidan.<\/li>\n<li>Android: Tryck p\u00e5 menyknappen (tre punkter) i nedre h\u00f6gra h\u00f6rnet, v\u00e4lj inst\u00e4llningar och efter det <em>Reviiri<\/em>.<\/li>\n<li>iPhone: Tryck p\u00e5 menyknappen (cirkeln med i) i nedre h\u00f6gra h\u00f6rnet, v\u00e4lj inst\u00e4llningar och sedan\u00a0<em>Reviiri<\/em>.<\/li>\n<\/ul>\n<p>Skriv in din anv\u00e4ndar-id f\u00f6r Reviiri och l\u00f6senordet i de givna f\u00e4lten och logga in. Nu ser du i kartniv\u00e5f\u00f6rteckningen alla f\u00f6reningars kartor, till vilka du har tillg\u00e5ng via Reviiri.<\/p>\n<h2>Anv\u00e4ndning av Reviiri i andra appar<\/h2>\n<p>Vi \u00e4r villiga att erbjuda Reviiris producerade kartor att anv\u00e4ndas \u00e4ven i andra appar. Tillverkare av hundpejlare och utvecklare av andra kartappar, <a href=\"https:\/\/reviiri.org\/?page_id=11419&lang=sv&lang=sv\">tag kontakt<\/a> s\u00e5 kan vi komma \u00f6verens om detaljer!<\/p>\n","protected":false},"excerpt":{"rendered":"<p>Reviiri och b-bark Reviiri-kartorna syns i gratisversionen av b-bark appen. Du beh\u00f6ver allts\u00e5 ingen b-bark licens f\u00f6r att anv\u00e4nda dig av appen tillsammans med Reviiri. D\u00e5 du skapat anv\u00e4ndarkonto till Reviiri antingen sj\u00e4lv eller med hj\u00e4lp av en f\u00f6reningsfunktion\u00e4r, s\u00e5 kan du logga in i systemet via b-bark appens inst\u00e4llningsmeny: Windows Phone: I kartuppslagets nedre<\/p>\n<p class=\"more-link\"><a href=\"https:\/\/reviiri.org\/?page_id=11294&#038;lang=sv\" class=\"themebutton2\">READ MORE<\/a><\/p>\n","protected":false},"author":3,"featured_media":0,"parent":11273,"menu_order":0,"comment_status":"open","ping_status":"closed","template":"","meta":{"footnotes":""},"categories":[],"tags":[50,51],"class_list":["post-11294","page","type-page","status-publish","hentry","tag-maastokartta","tag-metsastysaluesopimus"],"_links":{"self":[{"href":"https:\/\/reviiri.org\/index.php?rest_route=\/wp\/v2\/pages\/11294","targetHints":{"allow":["GET"]}}],"collection":[{"href":"https:\/\/reviiri.org\/index.php?rest_route=\/wp\/v2\/pages"}],"about":[{"href":"https:\/\/reviiri.org\/index.php?rest_route=\/wp\/v2\/types\/page"}],"author":[{"embeddable":true,"href":"https:\/\/reviiri.org\/index.php?rest_route=\/wp\/v2\/users\/3"}],"replies":[{"embeddable":true,"href":"https:\/\/reviiri.org\/index.php?rest_route=%2Fwp%2Fv2%2Fcomments&post=11294"}],"version-history":[{"count":10,"href":"https:\/\/reviiri.org\/index.php?rest_route=\/wp\/v2\/pages\/11294\/revisions"}],"predecessor-version":[{"id":11614,"href":"https:\/\/reviiri.org\/index.php?rest_route=\/wp\/v2\/pages\/11294\/revisions\/11614"}],"up":[{"embeddable":true,"href":"https:\/\/reviiri.org\/index.php?rest_route=\/wp\/v2\/pages\/11273"}],"wp:attachment":[{"href":"https:\/\/reviiri.org\/index.php?rest_route=%2Fwp%2Fv2%2Fmedia&parent=11294"}],"wp:term":[{"taxonomy":"category","embeddable":true,"href":"https:\/\/reviiri.org\/index.php?rest_route=%2Fwp%2Fv2%2Fcategories&post=11294"},{"taxonomy":"post_tag","embeddable":true,"href":"https:\/\/reviiri.org\/index.php?rest_route=%2Fwp%2Fv2%2Ftags&post=11294"}],"curies":[{"name":"wp","href":"https:\/\/api.w.org\/{rel}","templated":true}]}}