{"id":11298,"date":"2015-04-29T09:35:34","date_gmt":"2015-04-29T06:35:34","guid":{"rendered":"http:\/\/reviiri.org\/?page_id=11298"},"modified":"2017-02-16T11:06:48","modified_gmt":"2017-02-16T09:06:48","slug":"seuran-tiedot","status":"publish","type":"page","link":"https:\/\/reviiri.org\/?page_id=11298&lang=sv","title":{"rendered":"Information om f\u00f6reningen"},"content":{"rendered":"<h2>F\u00f6reningens uppgiftslista<\/h2>\n<p>N\u00e4r du loggar in i Reviiri-systemet, omdirigeras du till den f\u00f6rsta sidan, som visar \u00e4renden p\u00e5 f\u00f6reningens dagordning. H\u00e4r visas bekv\u00e4mt s\u00e5dana avtal som v\u00e4ntar p\u00e5 f\u00f6rnyelse, anl\u00e4ggningar, som begr\u00e4nsar uppgifterna och som har haft f\u00f6r\u00e4ndringar efter ing\u00e5endet av avtalet, och v\u00e4ntande meddelanden.<\/p>\n<p>I listan \u00f6ver utl\u00f6pande kontrakt visas de tidsbegr\u00e4nsade kontrakt som l\u00f6per ut under n\u00e4sta m\u00e5nad eller har redan l\u00f6pt ut, och hittills i kraft avtal som har sagts upp. Kontraktet raderas fr\u00e5n listan f\u00f6rst efter att det rensas i avtalsformul\u00e4ret via <em>ta bort<\/em> knappen.<\/p>\n<p>Lantm\u00e4teriets omr\u00e5desgr\u00e4ns data uppdateras genom Reviiri informationssystemet regelbundet cirka en g\u00e5ng i m\u00e5naden. Om efter avtalet fastighetsgr\u00e4nser f\u00f6r\u00e4ndras, till exempel blockera eller kontrollera m\u00e4tresultatet, p\u00e5pekas detta till f\u00f6reningens tj\u00e4nstem\u00e4n. Tj\u00e4nstem\u00e4n borde inspektera alla s\u00e5dana avtal. Om \u00e4ndringen inte orsakar n\u00e5gra \u00e5tg\u00e4rder (f\u00f6rnyelse av avtalet), kan p\u00e5minnelsen raderas bort fr\u00e5n listan. Reviiri anser att status \u00e4ndras n\u00e4r antalet spalter \u00e4ndras, n\u00e4r antalet h\u00f6rnpunkter i en status har \u00e4ndrats, eller n\u00e4r en av statusens h\u00f6rnpunkter i en spalt har flyttats mer \u00e4n en meter av den ursprungliga.<\/p>\n<p>I v\u00e4ntande meddelanden visas de bes\u00f6ksf\u00f6rfr\u00e5gningar som har inkommit fr\u00e5n andra klubbar som \u00e4r Reviiri-anv\u00e4ndare till er klubb. Du kan godk\u00e4nna eller avvisa dessa f\u00f6rfr\u00e5gningar, godk\u00e4nnande kan g\u00f6ras f\u00f6r en viss tid eller tills vidare.<\/p>\n<p>Alla nya saker p\u00e5 att-g\u00f6ra-lista kommer att skickas via e-post till alla i jaktklubbens personal.<\/p>\n<h2>Information om f\u00f6reningen<\/h2>\n<p>Genom <em>klubbinformationsfliken<\/em> kan grundl\u00e4ggande information om klubben redigeras: F\u00f6rkortningen som anv\u00e4nds i samband med kartlistorna, liksom den adress som visas i kontaktinformation i hyresavtalet. Dessutom visas utg\u00e5ngsdatum f\u00f6r det nuvarande systemets licens och n\u00e4r det n\u00e4rmar sig erbjuds m\u00f6jlighet att k\u00f6pa mer tillg\u00e5ng via n\u00e4tbutiken.<\/p>\n<p>P\u00e5 sidan visas ocks\u00e5 listor p\u00e5 klubbens personal, medlemmar och bes\u00f6kare. Personalen kan l\u00e4gga till nya medlemmar i Systemet och utse dem till personal, flytta tillbaka dem som endast medlemmar, samt l\u00e4gga till och ta bort bes\u00f6kare. Medlemslistan kan ocks\u00e5 importeras i tabellform vid systemets drifts\u00e4ttningsbyte fr\u00e5n det befintliga systemet. Hittills fungerar import endast automatiskt f\u00f6r medlemmar i Finlands J\u00e4garf\u00f6rbunds n\u00e4tregister som laddas genom att trycka p\u00e5 medlemsknappen, om du vill importera data fr\u00e5n ett annat system, kan det g\u00f6ras f\u00f6r hand f\u00f6r ett separat pris (kontakta oss via e-post <a href=\"mailto:reviiri@reviiri.org\">reviiri@reviiri.org<\/a>).<\/p>\n","protected":false},"excerpt":{"rendered":"<p>F\u00f6reningens uppgiftslista N\u00e4r du loggar in i Reviiri-systemet, omdirigeras du till den f\u00f6rsta sidan, som visar \u00e4renden p\u00e5 f\u00f6reningens dagordning. H\u00e4r visas bekv\u00e4mt s\u00e5dana avtal som v\u00e4ntar p\u00e5 f\u00f6rnyelse, anl\u00e4ggningar, som begr\u00e4nsar uppgifterna och som har haft f\u00f6r\u00e4ndringar efter ing\u00e5endet av avtalet, och v\u00e4ntande meddelanden. I listan \u00f6ver utl\u00f6pande kontrakt visas de tidsbegr\u00e4nsade kontrakt som<\/p>\n<p class=\"more-link\"><a href=\"https:\/\/reviiri.org\/?page_id=11298&#038;lang=sv\" class=\"themebutton2\">READ MORE<\/a><\/p>\n","protected":false},"author":3,"featured_media":0,"parent":11273,"menu_order":0,"comment_status":"open","ping_status":"closed","template":"","meta":{"footnotes":""},"categories":[],"tags":[48,49,64,66,50,46,44,45,51,47,74],"class_list":["post-11298","page","type-page","status-publish","hentry","tag-hirvenpyynti","tag-karhunpyynti","tag-karttamerkinta","tag-karttapohja","tag-maastokartta","tag-metsastys","tag-metsastysalue","tag-metsastysalueet","tag-metsastysaluesopimus","tag-metsastysseura","tag-tilarajatieto"],"_links":{"self":[{"href":"https:\/\/reviiri.org\/index.php?rest_route=\/wp\/v2\/pages\/11298","targetHints":{"allow":["GET"]}}],"collection":[{"href":"https:\/\/reviiri.org\/index.php?rest_route=\/wp\/v2\/pages"}],"about":[{"href":"https:\/\/reviiri.org\/index.php?rest_route=\/wp\/v2\/types\/page"}],"author":[{"embeddable":true,"href":"https:\/\/reviiri.org\/index.php?rest_route=\/wp\/v2\/users\/3"}],"replies":[{"embeddable":true,"href":"https:\/\/reviiri.org\/index.php?rest_route=%2Fwp%2Fv2%2Fcomments&post=11298"}],"version-history":[{"count":4,"href":"https:\/\/reviiri.org\/index.php?rest_route=\/wp\/v2\/pages\/11298\/revisions"}],"predecessor-version":[{"id":11558,"href":"https:\/\/reviiri.org\/index.php?rest_route=\/wp\/v2\/pages\/11298\/revisions\/11558"}],"up":[{"embeddable":true,"href":"https:\/\/reviiri.org\/index.php?rest_route=\/wp\/v2\/pages\/11273"}],"wp:attachment":[{"href":"https:\/\/reviiri.org\/index.php?rest_route=%2Fwp%2Fv2%2Fmedia&parent=11298"}],"wp:term":[{"taxonomy":"category","embeddable":true,"href":"https:\/\/reviiri.org\/index.php?rest_route=%2Fwp%2Fv2%2Fcategories&post=11298"},{"taxonomy":"post_tag","embeddable":true,"href":"https:\/\/reviiri.org\/index.php?rest_route=%2Fwp%2Fv2%2Ftags&post=11298"}],"curies":[{"name":"wp","href":"https:\/\/api.w.org\/{rel}","templated":true}]}}