{"id":11304,"date":"2014-12-03T13:26:57","date_gmt":"2014-12-03T11:26:57","guid":{"rendered":"http:\/\/reviiri.org\/?page_id=11304"},"modified":"2017-02-16T11:06:47","modified_gmt":"2017-02-16T09:06:47","slug":"sample-page","status":"publish","type":"page","link":"https:\/\/reviiri.org\/?page_id=11304&lang=sv","title":{"rendered":"Avtalshantering"},"content":{"rendered":"<h2>Snabbguide: Skapa avtal<\/h2>\n<p>Det kan vara v\u00e4rt att v\u00e4nja sig vid f\u00f6ljande avsnitts mer detaljerade riktlinjer, men f\u00f6rst en snabbguide f\u00f6r att skapa ett nytt avtal:<\/p>\n<ol>\n<li>Logga in p\u00e5 Reviiri-systemet och g\u00e5 till fliken <em>Avtal<\/em>. Klicka p\u00e5 knappen f\u00f6r <em>nytt avtal<\/em><\/li>\n<li>G\u00e5 till kartvyn. Flytta dig p\u00e5 kartan till r\u00e4tt omr\u00e5de och klicka med musen p\u00e5 det omr\u00e5de hyresavtalet ska g\u00e4lla.<\/li>\n<li>Omr\u00e5dets detaljer visas p\u00e5 den h\u00f6gra sidan i omr\u00e5desrutan. Klicka p\u00e5 <em>godk\u00e4nn<\/em> och omr\u00e5det \u00e4ndrar f\u00e4rg till gr\u00f6nt, samt flyttas till listan f\u00f6r <em>Avtalsomr\u00e5den<\/em>.<\/li>\n<li>Upprepa ovan tills alla egendomar \u00e4r med p\u00e5 samma avtal.<\/li>\n<li>\u00d6ppna avtalsformul\u00e4ret genom att klicka p\u00e5 <em>avtalsknappen<\/em><\/li>\n<li>Fyll i alla uppgifter i avtalet (hyresv\u00e4rden, kontaktuppgifter, jagade arter, giltighet, ers\u00e4ttning, detaljer om l\u00f6sa hundar, annan m\u00f6jlig information) och klicka <em>sedan p\u00e5 markera<\/em> som godk\u00e4nd. Svara <em>Ja<\/em> f\u00f6r att bekr\u00e4fta \u00f6verf\u00f6ringen.<\/li>\n<li>Fyll i tid och datum f\u00f6r underskrift, s\u00e5vida de inte redan har fyllts i i f\u00f6reg\u00e5ende punkt, och klicka sedan p\u00e5 <em>utskriftsv\u00e4nlig version<\/em>.<\/li>\n<li>Skriv ut och underteckna den tillsammans med hyresv\u00e4rden.<\/li>\n<li>Klicka p\u00e5 <em>Underteckna<\/em> och svara <em>Ja<\/em> f\u00f6r att bekr\u00e4fta din signatur.<\/li>\n<li>Avtalet \u00e4r nu i kraft.<\/li>\n<\/ol>\n<div class=\"arconix-box arconix-box-lgrey\"><i class='fa fa-2x pull-left fa-info-circle'><\/i><div class=\"arconix-box-content\"><strong>Ska du flytta till Reviiri fr\u00e5n n\u00e5got annat system?<\/strong> Om du har n\u00e5gra kartmarkeringar i ett annat datasystem, kan det vara m\u00f6jligt att \u00f6verf\u00f6ra dem till Reviiri i befintligt skick. Men \u00f6verf\u00f6ringen g\u00f6rs alltid manuellt och priss\u00e4tts separat. F\u00f6r mer information kan du skriva till <a href=\"mailto:reviiri@reviiri.org\">reviiri@reviiri.org<\/a>.<\/div><\/div>\n<h2>Avtalets arbetsprocess<\/h2>\n<p>Reviisri-systemet \u00e4r utformat f\u00f6r att hj\u00e4lpa klubbens personal att h\u00e5lla sig uppdaterade p\u00e5 sina egna s\u00e5v\u00e4l som andras avtal. F\u00f6r detta \u00e4ndam\u00e5l har ett hyresavtal en arbetsprocess som talar om i vilket skede avtalet \u00e4r.<\/p>\n<ul>\n<li>N\u00e4r det nya avtalet p\u00e5b\u00f6rjas, \u00e4r dess status Utkast. Uppgifter om ett s\u00e5dant avtal kan vara ofullst\u00e4ndiga eller s\u00e5 p\u00e5g\u00e5r diskussioner med mark\u00e4garen fortfarande<\/li>\n<li>I det skede n\u00e4r detaljerna i avtalet \u00e4r korrekta och klubben har kommit \u00f6verens med mark\u00e4garen om inneh\u00e5llet \u00f6verf\u00f6rs avtalet till godk\u00e4ntspalten. Om avtalet g\u00f6rs i samband med mark\u00e4garen, till exempel vid k\u00f6ksbordet, kan det undertecknas p\u00e5 en g\u00e5ng, avtalet godk\u00e4nns ganska snabbt, det kommer att undertecknas p\u00e5 en g\u00e5ng. Men om vi \u00e4r i kontakt med mark\u00e4garen via telefon, till exempel, och avtalet skickas via post, anger vi att avtalet godk\u00e4nns vid den tidpunkt d\u00e5 avtalet skickas f\u00f6r underskrift. Vid denna punkt kan inga \u00e4ndringar g\u00f6ras men \u00e5 andra sidan visas omr\u00e5dena \u00e4nnu inte i listan.<\/li>\n<li>Det undertecknade avtalet markeras som godk\u00e4nt. P\u00e5 detta s\u00e4tt syns omr\u00e5den under avtal i kartor och rapporter. Ett befintligt avtal kan inte \u00e4ndras, det kan endast avslutas.<\/li>\n<li>N\u00e4r sista dagen p\u00e5 ett tills vidare-avtal n\u00e4rmar sig eller n\u00e4r avtalet s\u00e4gs upp individuellt, markeras avtalet som utg\u00e5nget. Utg\u00e5ngna avtal kan ligga till grund f\u00f6r ett nytt avtal, som b\u00f6rjar som Utkast igen, eller s\u00e5 kan det tas bort fr\u00e5n vyn.<\/li>\n<\/ul>\n<h2>Avtalslista<\/h2>\n<p>Avtalslistan som syns vis Hyresavtalsfliken \u00e4r uppdelad i separata tabeller baserade p\u00e5 var i arbetsprocessen avtalet \u00e4r, som beskrevs i f\u00f6reg\u00e5ende stycke. Genom att trycka p\u00e5 den h\u00f6gra sidan i tabellen kan du se information om varje avtal (bild p\u00e5 formul\u00e4ret) och de omr\u00e5den som efterfr\u00e5gas (bild p\u00e5 v\u00e4rldskarta). Dessutom kan alla p\u00e5g\u00e5ende avtal tas bort genom att klicka p\u00e5 papperskorgen.<\/p>\n<p>Som avtalsformul\u00e4r anv\u00e4nds Finlands J\u00e4garf\u00f6rbunds avtalsform. Annan information \u00e4r fritt konfigurerbara manuellt i avtalslistan, men till\u00e4gg av avtalsomr\u00e5den kan bara g\u00f6ras via kartvyn. \u00d6verf\u00f6ring av avtal inom arbetsprocessen sker via knapparna l\u00e4ngst ner i avtalsformul\u00e4ret.<\/p>\n<p>Eftersom en stor klubb kan ha hundratals med avtal kan dessa avtal enkelt filtreras f\u00f6r att enkelt hitta avtalet som man letar efter. Detta g\u00f6rs genom att skriva n\u00e5gonting i filtreringsf\u00e4ltet. Efter detta \u00e4r listan uppdaterad s\u00e5 att endast de avtal som inneh\u00e5ller det som skrevs i f\u00e4ltet kommer att visas. P\u00e5 detta s\u00e4tt kan avtal som inneh\u00e5ller en specifik egendom l\u00e4tt hittas genom att ange registreringsnumret f\u00f6r egendomen eller en del av det.<\/p>\n<h2>Avtalets kartvy<\/h2>\n<p>I kartvyn syns terr\u00e4ngen, och ovanp\u00e5 det egendomsgr\u00e4nsen och sifferdata. Det g\u00e5r att bl\u00e4ddra i kartan genom att dra med musen och f\u00f6rminska och f\u00f6rstora genom att genom att rulla med musen. Med ett finger kan du p\u00e5 en peksk\u00e4rm dra och med tv\u00e5 fingrar best\u00e4mma skala p\u00e5 ett liknande s\u00e4tt. Plus och minusknappen p\u00e5 v\u00e4nster sida av sk\u00e4rmen kan anv\u00e4ndas f\u00f6r att f\u00f6rstora och f\u00f6rminska kartan. Med f\u00f6rstoringsknappen kan du s\u00f6ka omr\u00e5den vars registreringsnummer \u00e4r k\u00e4nt.<\/p>\n<p>N\u00e4r du klickar p\u00e5 omr\u00e5det p\u00e5 karta v\u00e4ljer du det (det markeras i r\u00f6tt) och dess data visas p\u00e5 den h\u00f6gra sidan i rutan f\u00f6r Valda omr\u00e5den. Om egendom best\u00e5r av flera tomter redovisas dessa tomter separat. Om du i ett avtal inte vill l\u00e4gga till alla tomter p\u00e5 en egendom kan du ta bort dessa tomter var och en f\u00f6r sig.<\/p>\n<p>N\u00e4r det \u00f6verenskomna jaktomr\u00e5dets gr\u00e4ns inte f\u00f6ljer tomtens gr\u00e4ns, utan exempelvis via ett markobjekt, kan tomten delas upp genom att anv\u00e4nda dela-knappen. Efter att ha tryckt p\u00e5 knappen visas instruktioner f\u00f6r uppdelning p\u00e5 sk\u00e4rmen, klicka med musen n\u00e5gonstans utanf\u00f6r omr\u00e5det, och gr\u00e4nsen blir avskurna efter detta att du klickar innanf\u00f6r omr\u00e5det. Sista klicket \u00e4r \u00e5terigen utanf\u00f6r omr\u00e5det, och omr\u00e5det delas upp l\u00e4ngs de markerade linjerna. Nu kan dessa omr\u00e5den avl\u00e4gsnas separat, s\u00e5som tomterna normalt.<\/p>\n<p>N\u00e4r de \u00f6nskade omr\u00e5dena valts ut och eventuellt delats upp f\u00e5r du med den \u00e5terst\u00e5ende delen av egendomen genom att klicka p\u00e5 godk\u00e4nna. D\u00e5 flyttas den till h\u00f6ger sida till Avtalslistan. Du kan ta bort omr\u00e5den fr\u00e5n listan med ta bort-knappen om n\u00f6dv\u00e4ndigt, och med avtalsknappen kan du se avtalsformul\u00e4ret p\u00e5 samma s\u00e4tt som i Avtalslistan.<\/p>\n","protected":false},"excerpt":{"rendered":"<p>Snabbguide: Skapa avtal Det kan vara v\u00e4rt att v\u00e4nja sig vid f\u00f6ljande avsnitts mer detaljerade riktlinjer, men f\u00f6rst en snabbguide f\u00f6r att skapa ett nytt avtal: Logga in p\u00e5 Reviiri-systemet och g\u00e5 till fliken Avtal. Klicka p\u00e5 knappen f\u00f6r nytt avtal G\u00e5 till kartvyn. Flytta dig p\u00e5 kartan till r\u00e4tt omr\u00e5de och klicka med musen<\/p>\n<p class=\"more-link\"><a href=\"https:\/\/reviiri.org\/?page_id=11304&#038;lang=sv\" class=\"themebutton2\">READ MORE<\/a><\/p>\n","protected":false},"author":3,"featured_media":0,"parent":11273,"menu_order":0,"comment_status":"open","ping_status":"closed","template":"","meta":{"footnotes":""},"categories":[],"tags":[],"class_list":["post-11304","page","type-page","status-publish","hentry"],"_links":{"self":[{"href":"https:\/\/reviiri.org\/index.php?rest_route=\/wp\/v2\/pages\/11304","targetHints":{"allow":["GET"]}}],"collection":[{"href":"https:\/\/reviiri.org\/index.php?rest_route=\/wp\/v2\/pages"}],"about":[{"href":"https:\/\/reviiri.org\/index.php?rest_route=\/wp\/v2\/types\/page"}],"author":[{"embeddable":true,"href":"https:\/\/reviiri.org\/index.php?rest_route=\/wp\/v2\/users\/3"}],"replies":[{"embeddable":true,"href":"https:\/\/reviiri.org\/index.php?rest_route=%2Fwp%2Fv2%2Fcomments&post=11304"}],"version-history":[{"count":9,"href":"https:\/\/reviiri.org\/index.php?rest_route=\/wp\/v2\/pages\/11304\/revisions"}],"predecessor-version":[{"id":11564,"href":"https:\/\/reviiri.org\/index.php?rest_route=\/wp\/v2\/pages\/11304\/revisions\/11564"}],"up":[{"embeddable":true,"href":"https:\/\/reviiri.org\/index.php?rest_route=\/wp\/v2\/pages\/11273"}],"wp:attachment":[{"href":"https:\/\/reviiri.org\/index.php?rest_route=%2Fwp%2Fv2%2Fmedia&parent=11304"}],"wp:term":[{"taxonomy":"category","embeddable":true,"href":"https:\/\/reviiri.org\/index.php?rest_route=%2Fwp%2Fv2%2Fcategories&post=11304"},{"taxonomy":"post_tag","embeddable":true,"href":"https:\/\/reviiri.org\/index.php?rest_route=%2Fwp%2Fv2%2Ftags&post=11304"}],"curies":[{"name":"wp","href":"https:\/\/api.w.org\/{rel}","templated":true}]}}