{"id":11329,"date":"2015-04-29T10:13:27","date_gmt":"2015-04-29T07:13:27","guid":{"rendered":"http:\/\/reviiri.org\/?page_id=11329"},"modified":"2017-02-16T11:06:49","modified_gmt":"2017-02-16T09:06:49","slug":"yhteenvedot-ja-tulosteet","status":"publish","type":"page","link":"https:\/\/reviiri.org\/?page_id=11329&lang=sv","title":{"rendered":"Sammanfattningar"},"content":{"rendered":"<h3>Sammanfattningar<\/h3>\n<p>Seuran tietojen Yhteenvedot-v\u00e4lilehdell\u00e4 n\u00e4kyv\u00e4t erittelyt seuran sopimusalueista mets\u00e4styslajeittain. Kullekin lajille n\u00e4ytet\u00e4\u00e4n sopimusten ja sopimustilojen lukum\u00e4\u00e4r\u00e4 ja kokonais- sek\u00e4 keskiarvopinta-alat.<\/p>\n<p>Lis\u00e4ksi yhteenvetosivulta saa ladattua listat seuran j\u00e4senist\u00e4 ja sopimuksista ODS-muodossa, joka kelpaa sellaisenaan esimerkiksi Exceliin. Sopimusaluetietojen siirto Oma riista -j\u00e4rjestelm\u00e4\u00e4n tehd\u00e4\u00e4n my\u00f6s t\u00e4\u00e4lt\u00e4.<\/p>\n<h3>Utskrifter direkt fr\u00e5n systemet<\/h3>\n<p>Kultakin mets\u00e4styslajilta saa ladattua PDF-muotoisen karttaliitteen suoraan yhteenvetosivulta. Karttaliite kelpaa yleisn\u00e4kym\u00e4ksi seuran alueista, mutta kovin tarkkaa kuvaa siit\u00e4 ei saa.<\/p>\n","protected":false},"excerpt":{"rendered":"<p>Sammanfattningar Seuran tietojen Yhteenvedot-v\u00e4lilehdell\u00e4 n\u00e4kyv\u00e4t erittelyt seuran sopimusalueista mets\u00e4styslajeittain. Kullekin lajille n\u00e4ytet\u00e4\u00e4n sopimusten ja sopimustilojen lukum\u00e4\u00e4r\u00e4 ja kokonais- sek\u00e4 keskiarvopinta-alat. Lis\u00e4ksi yhteenvetosivulta saa ladattua listat seuran j\u00e4senist\u00e4 ja sopimuksista ODS-muodossa, joka kelpaa sellaisenaan esimerkiksi Exceliin. Sopimusaluetietojen siirto Oma riista -j\u00e4rjestelm\u00e4\u00e4n tehd\u00e4\u00e4n my\u00f6s t\u00e4\u00e4lt\u00e4. Utskrifter direkt fr\u00e5n systemet Kultakin mets\u00e4styslajilta saa ladattua PDF-muotoisen karttaliitteen suoraan yhteenvetosivulta.<\/p>\n<p class=\"more-link\"><a href=\"https:\/\/reviiri.org\/?page_id=11329&#038;lang=sv\" class=\"themebutton2\">READ MORE<\/a><\/p>\n","protected":false},"author":3,"featured_media":0,"parent":11273,"menu_order":0,"comment_status":"open","ping_status":"closed","template":"","meta":{"footnotes":""},"categories":[],"tags":[],"class_list":["post-11329","page","type-page","status-publish","hentry"],"_links":{"self":[{"href":"https:\/\/reviiri.org\/index.php?rest_route=\/wp\/v2\/pages\/11329","targetHints":{"allow":["GET"]}}],"collection":[{"href":"https:\/\/reviiri.org\/index.php?rest_route=\/wp\/v2\/pages"}],"about":[{"href":"https:\/\/reviiri.org\/index.php?rest_route=\/wp\/v2\/types\/page"}],"author":[{"embeddable":true,"href":"https:\/\/reviiri.org\/index.php?rest_route=\/wp\/v2\/users\/3"}],"replies":[{"embeddable":true,"href":"https:\/\/reviiri.org\/index.php?rest_route=%2Fwp%2Fv2%2Fcomments&post=11329"}],"version-history":[{"count":4,"href":"https:\/\/reviiri.org\/index.php?rest_route=\/wp\/v2\/pages\/11329\/revisions"}],"predecessor-version":[{"id":11566,"href":"https:\/\/reviiri.org\/index.php?rest_route=\/wp\/v2\/pages\/11329\/revisions\/11566"}],"up":[{"embeddable":true,"href":"https:\/\/reviiri.org\/index.php?rest_route=\/wp\/v2\/pages\/11273"}],"wp:attachment":[{"href":"https:\/\/reviiri.org\/index.php?rest_route=%2Fwp%2Fv2%2Fmedia&parent=11329"}],"wp:term":[{"taxonomy":"category","embeddable":true,"href":"https:\/\/reviiri.org\/index.php?rest_route=%2Fwp%2Fv2%2Fcategories&post=11329"},{"taxonomy":"post_tag","embeddable":true,"href":"https:\/\/reviiri.org\/index.php?rest_route=%2Fwp%2Fv2%2Ftags&post=11329"}],"curies":[{"name":"wp","href":"https:\/\/api.w.org\/{rel}","templated":true}]}}