{"id":11419,"date":"2015-05-07T20:22:26","date_gmt":"2015-05-07T17:22:26","guid":{"rendered":"http:\/\/reviiri.org\/?page_id=11419"},"modified":"2024-08-26T14:40:35","modified_gmt":"2024-08-26T11:40:35","slug":"ota-yhteys","status":"publish","type":"page","link":"https:\/\/reviiri.org\/?page_id=11419&lang=sv","title":{"rendered":"Kontakt"},"content":{"rendered":"<h4>OM OSS<\/h4>\n<p>Reviiri-systemet \u00e4r utvecklat av Natlink Oy, ett finskt f\u00f6retag grundat 1977 och som tillh\u00f6r Open Air Group. Natlink Oy \u00e4r specialiserat p\u00e5 kart- och positionsprogramvara samt kr\u00e4vande inbyggda programvaru- och h\u00e5rdvarul\u00f6sningar f\u00f6r tr\u00e5dl\u00f6s teknik.<\/p>\n<p>Natlink Oy<br \/>\nTakatie 6<br \/>\n90440 Kempele<br \/>\nFinland<\/p>\n<p>Supportf\u00f6rfr\u00e5gningar f\u00f6r Reviiri g\u00f6rs via Trackers supportformul\u00e4r:<br \/>\n<a href=\"https:\/\/support.tracker.fi\/support\/home\">https:\/\/support.tracker.fi\/support\/home<\/a><\/p>\n<p><a href=\"https:\/\/www.facebook.com\/pages\/Reviiri\/801680746548088?ref=hl\">Reviiri Facebook<\/a><\/p>\n","protected":false},"excerpt":{"rendered":"<p>OM OSS Reviiri-systemet \u00e4r utvecklat av Natlink Oy, ett finskt f\u00f6retag grundat 1977 och som tillh\u00f6r Open Air Group. Natlink Oy \u00e4r specialiserat p\u00e5 kart- och positionsprogramvara samt kr\u00e4vande inbyggda programvaru- och h\u00e5rdvarul\u00f6sningar f\u00f6r tr\u00e5dl\u00f6s teknik. Natlink Oy Takatie 6 90440 Kempele Finland Supportf\u00f6rfr\u00e5gningar f\u00f6r Reviiri g\u00f6rs via Trackers supportformul\u00e4r: https:\/\/support.tracker.fi\/support\/home Reviiri Facebook<\/p>\n","protected":false},"author":3,"featured_media":0,"parent":0,"menu_order":0,"comment_status":"open","ping_status":"open","template":"","meta":{"footnotes":""},"categories":[],"tags":[],"class_list":["post-11419","page","type-page","status-publish","hentry"],"_links":{"self":[{"href":"https:\/\/reviiri.org\/index.php?rest_route=\/wp\/v2\/pages\/11419","targetHints":{"allow":["GET"]}}],"collection":[{"href":"https:\/\/reviiri.org\/index.php?rest_route=\/wp\/v2\/pages"}],"about":[{"href":"https:\/\/reviiri.org\/index.php?rest_route=\/wp\/v2\/types\/page"}],"author":[{"embeddable":true,"href":"https:\/\/reviiri.org\/index.php?rest_route=\/wp\/v2\/users\/3"}],"replies":[{"embeddable":true,"href":"https:\/\/reviiri.org\/index.php?rest_route=%2Fwp%2Fv2%2Fcomments&post=11419"}],"version-history":[{"count":12,"href":"https:\/\/reviiri.org\/index.php?rest_route=\/wp\/v2\/pages\/11419\/revisions"}],"predecessor-version":[{"id":11732,"href":"https:\/\/reviiri.org\/index.php?rest_route=\/wp\/v2\/pages\/11419\/revisions\/11732"}],"wp:attachment":[{"href":"https:\/\/reviiri.org\/index.php?rest_route=%2Fwp%2Fv2%2Fmedia&parent=11419"}],"wp:term":[{"taxonomy":"category","embeddable":true,"href":"https:\/\/reviiri.org\/index.php?rest_route=%2Fwp%2Fv2%2Fcategories&post=11419"},{"taxonomy":"post_tag","embeddable":true,"href":"https:\/\/reviiri.org\/index.php?rest_route=%2Fwp%2Fv2%2Ftags&post=11419"}],"curies":[{"name":"wp","href":"https:\/\/api.w.org\/{rel}","templated":true}]}}