{"id":11474,"date":"2016-02-25T09:05:05","date_gmt":"2016-02-25T07:05:05","guid":{"rendered":"http:\/\/reviiri.org\/?page_id=11474"},"modified":"2022-10-26T21:35:43","modified_gmt":"2022-10-26T18:35:43","slug":"sopimusten-tuonti-muista-jarjestelmista","status":"publish","type":"page","link":"https:\/\/reviiri.org\/?page_id=11474","title":{"rendered":"Sopimusten tuonti muista j\u00e4rjestelmist\u00e4"},"content":{"rendered":"<h2>Sopimusten tuonti Reviiriin muista j\u00e4rjestelmist\u00e4<\/h2>\n<p>Mik\u00e4li seuran sopimukset\u00a0ovat jo valmiiksi jossakin s\u00e4hk\u00f6isess\u00e4\u00a0j\u00e4rjestelm\u00e4ss\u00e4 tai dokumentissa, ne on todenn\u00e4k\u00f6isesti mahdollista tuoda Reviiriin ilman, ett\u00e4 kaikki tiedot t\u00e4ytyy kirjoittaa uudelleen.<\/p>\n<p>Tiedot tulee t\u00e4ll\u00f6in siirt\u00e4\u00e4 <a href=\"https:\/\/reviiri.org\/reviiri\/documents\/Reviiri-tuonti.xls\">Reviirin m\u00e4\u00e4r\u00e4muotoiselle Excel-pohjalle, jonka saa ladattua t\u00e4st\u00e4 linkist\u00e4<\/a>. <strong>Noudattakaa tarkasti dokumentin t\u00e4ytt\u00f6ohjeita!<\/strong>\u00a0T\u00e4m\u00e4n j\u00e4lkeen Reviirin Vuokrasopimukset-v\u00e4lilehdelt\u00e4 &#8221;tuo sopimuksia&#8221;-nappia painamalla saa tun Excelin sis\u00e4lt\u00e4m\u00e4t tiedot tuotua Reviiriin. Tuonnin valmistuttua n\u00e4ytet\u00e4\u00e4n raportti; mik\u00e4li raportissa on paljon korjattavaa, voi tuonnin tehd\u00e4 uudelleen Excelin korjauksen j\u00e4lkeen, tai sitten tuodut tiedot voi hyv\u00e4ksy\u00e4 seuran sopimuskannan pohjaksi.<\/p>\n","protected":false},"excerpt":{"rendered":"<p>Sopimusten tuonti Reviiriin muista j\u00e4rjestelmist\u00e4 Mik\u00e4li seuran sopimukset\u00a0ovat jo valmiiksi jossakin s\u00e4hk\u00f6isess\u00e4\u00a0j\u00e4rjestelm\u00e4ss\u00e4 tai dokumentissa, ne on todenn\u00e4k\u00f6isesti mahdollista tuoda Reviiriin ilman, ett\u00e4 kaikki tiedot t\u00e4ytyy kirjoittaa uudelleen. Tiedot tulee t\u00e4ll\u00f6in siirt\u00e4\u00e4 Reviirin m\u00e4\u00e4r\u00e4muotoiselle Excel-pohjalle, jonka saa ladattua t\u00e4st\u00e4 linkist\u00e4. Noudattakaa tarkasti dokumentin t\u00e4ytt\u00f6ohjeita!\u00a0T\u00e4m\u00e4n j\u00e4lkeen Reviirin Vuokrasopimukset-v\u00e4lilehdelt\u00e4 &#8221;tuo sopimuksia&#8221;-nappia painamalla saa tun Excelin sis\u00e4lt\u00e4m\u00e4t tiedot tuotua<\/p>\n<p class=\"more-link\"><a href=\"https:\/\/reviiri.org\/?page_id=11474\" class=\"themebutton2\">READ MORE<\/a><\/p>\n","protected":false},"author":5,"featured_media":0,"parent":10644,"menu_order":0,"comment_status":"closed","ping_status":"closed","template":"","meta":{"footnotes":""},"categories":[],"tags":[],"class_list":["post-11474","page","type-page","status-publish","hentry"],"_links":{"self":[{"href":"https:\/\/reviiri.org\/index.php?rest_route=\/wp\/v2\/pages\/11474","targetHints":{"allow":["GET"]}}],"collection":[{"href":"https:\/\/reviiri.org\/index.php?rest_route=\/wp\/v2\/pages"}],"about":[{"href":"https:\/\/reviiri.org\/index.php?rest_route=\/wp\/v2\/types\/page"}],"author":[{"embeddable":true,"href":"https:\/\/reviiri.org\/index.php?rest_route=\/wp\/v2\/users\/5"}],"replies":[{"embeddable":true,"href":"https:\/\/reviiri.org\/index.php?rest_route=%2Fwp%2Fv2%2Fcomments&post=11474"}],"version-history":[{"count":5,"href":"https:\/\/reviiri.org\/index.php?rest_route=\/wp\/v2\/pages\/11474\/revisions"}],"predecessor-version":[{"id":11701,"href":"https:\/\/reviiri.org\/index.php?rest_route=\/wp\/v2\/pages\/11474\/revisions\/11701"}],"up":[{"embeddable":true,"href":"https:\/\/reviiri.org\/index.php?rest_route=\/wp\/v2\/pages\/10644"}],"wp:attachment":[{"href":"https:\/\/reviiri.org\/index.php?rest_route=%2Fwp%2Fv2%2Fmedia&parent=11474"}],"wp:term":[{"taxonomy":"category","embeddable":true,"href":"https:\/\/reviiri.org\/index.php?rest_route=%2Fwp%2Fv2%2Fcategories&post=11474"},{"taxonomy":"post_tag","embeddable":true,"href":"https:\/\/reviiri.org\/index.php?rest_route=%2Fwp%2Fv2%2Ftags&post=11474"}],"curies":[{"name":"wp","href":"https:\/\/api.w.org\/{rel}","templated":true}]}}