{"id":11487,"date":"2016-03-18T09:45:35","date_gmt":"2016-03-18T07:45:35","guid":{"rendered":"http:\/\/reviiri.org\/?page_id=11487"},"modified":"2022-08-24T20:39:23","modified_gmt":"2022-08-24T17:39:23","slug":"reviiri-ja-oma-riista","status":"publish","type":"page","link":"https:\/\/reviiri.org\/?page_id=11487","title":{"rendered":"Reviiri ja Oma riista"},"content":{"rendered":"<p><img decoding=\"async\" style=\"float:right\" src=\"\/reviiri\/images\/omariista-yhteensopiva.jpg\" width=\"100\"><br \/>\nRiistakeskus kehitt\u00e4\u00e4 Oma riista -palvelua, jota on jatkossa tarkoitus k\u00e4ytt\u00e4\u00e4 esimerkiksi saalisilmoituksiin, havaintojen kirjaamiseen ja tulevaisuudessa my\u00f6s lupien hakemiseen s\u00e4hk\u00f6isesti. Oma riista tarjoaa hieman Reviirin tapaan mahdollisuuden yll\u00e4pit\u00e4\u00e4 tietoja seuran mets\u00e4stysmaista. Tietojenkeruu ja my\u00f6hemmin mahdollinen lupien hakeminen tehd\u00e4\u00e4n sitten n\u00e4iden aluetietojen perusteella.<\/p>\n<p>Reviiri ja Oma riista eiv\u00e4t kuitenkaan ole j\u00e4rjestelmin\u00e4 p\u00e4\u00e4llekk\u00e4isi\u00e4, vaan toisiaan t\u00e4ydent\u00e4vi\u00e4.<\/p>\n<h3>Mit\u00e4 Reviiri tekee?<\/h3>\n<p>Reviirin p\u00e4\u00e4teht\u00e4v\u00e4 on <strong>pit\u00e4\u00e4 huolta mets\u00e4stysseuran sopimuskannasta<\/strong>. Reviiri sis\u00e4lt\u00e4\u00e4 kaikkien sopimusten tiedot. Sopimukset el\u00e4v\u00e4t sen mukaan kun niit\u00e4 tehd\u00e4\u00e4n ja irtisanotaan tai m\u00e4\u00e4r\u00e4aikaiset sopimukset p\u00e4\u00e4ttyv\u00e4t. T\u00e4st\u00e4 sopimustiedosta Reviiri\u00a0<strong>tekee karttatietoa<\/strong>. Kartat ovat saatavilla seuran j\u00e4senille\u00a0suoraan puhelimessa ja selaimessa k\u00e4ytett\u00e4v\u00e4ss\u00e4\u00a0karttapohjamuodossa samoin kuin erilaisina karttatulosteina esimerkiksi PDF-dokumenttien tai paperikarttojen muodossa.<\/p>\n<h3>Mit\u00e4 Oma riista tekee?<\/h3>\n<p>Oma riista -palvelu\u00a0<strong>l\u00e4htee liikkeelle mets\u00e4stysaluetiedosta<\/strong> &#8211; eli juuri siit\u00e4, mit\u00e4 Reviiri\u00a0<em>tuottaa<\/em>. Kun seuran mets\u00e4stysalueet\u00a0sy\u00f6tet\u00e4\u00e4n palveluun, Oma riista -palvelua voi k\u00e4ytt\u00e4\u00e4 mets\u00e4stykseen liittyvien tietojen, kuten <strong>havaintojen ja saaliiden kirjaamiseen, raportointiin ja my\u00f6hemmin mahdollisesti lupien hakemiseen<\/strong>. Reviirin tiedot Oma riista -palvelusta perustuvat Riistakeskuksen julkiseen informaatioon, ja ainakaan t\u00e4m\u00e4nhetkisten tietojen mukaan Oma riista -palvelua ei k\u00e4ytet\u00e4 sopimuskannan hallinnointiin.<\/p>\n<h3>Mit\u00e4 Reviiri ja Oma Riista tekev\u00e4t yhdess\u00e4?<\/h3>\n<p>Reviirin sopimuskannan muodostamat mets\u00e4stysalueet saa nyt siirretty\u00e4 suoraan Oma riista -palveluun Yhteenvedot-sivun Oma riista -nappien avulla.<br \/>\nKun mets\u00e4stysseura k\u00e4ytt\u00e4\u00e4 samaan aikaan Reviiri\u00e4 ja Oma riista -palvelua, muodostuu seuran maiden aluetieto\u00a0suoraan Reviirin sopimuskannan perusteella. T\u00e4m\u00e4n j\u00e4lkeen mets\u00e4stysaluetiedon voi siirt\u00e4\u00e4 seuran tiedoiksi Oma riista -palveluun ja yll\u00e4pit\u00e4\u00e4 aluetietoja Reviirin sopimuskannan perusteella. Oma riista -palvelussa aluetietoja voidaan sitten k\u00e4ytt\u00e4\u00e4 mets\u00e4stykseen liittyv\u00e4n informaation ker\u00e4\u00e4miseen normaaliin tapaan.\u00a0Mets\u00e4stysalueiden kartat n\u00e4kyv\u00e4t aina identtisin\u00e4 niin Reviiriss\u00e4, b-barkissa kuin Oma riista -pavelussakin.<\/p>\n<h3>Kokeile, jos et usko!<\/h3>\n<p>Reviirin 30 p\u00e4iv\u00e4n ilmainen koek\u00e4ytt\u00f6mahdollisuus tarjoaa tilaisuuden varmistua siit\u00e4, ett\u00e4 Reviiri tarjoaa hintansa arvoisen lis\u00e4n my\u00f6s Oma riista -palvelua k\u00e4ytt\u00e4v\u00e4n seuran mets\u00e4stysalueiden hallintaan. Oma riista -siirtomahdollisuus on k\u00e4yt\u00f6ss\u00e4 jo kokeiluaikanakin, joten voit varmistua sen toiminnasta m\u00f6ys k\u00e4yt\u00e4nn\u00f6ss\u00e4.<\/p>\n","protected":false},"excerpt":{"rendered":"<p>Riistakeskus kehitt\u00e4\u00e4 Oma riista -palvelua, jota on jatkossa tarkoitus k\u00e4ytt\u00e4\u00e4 esimerkiksi saalisilmoituksiin, havaintojen kirjaamiseen ja tulevaisuudessa my\u00f6s lupien hakemiseen s\u00e4hk\u00f6isesti. Oma riista tarjoaa hieman Reviirin tapaan mahdollisuuden yll\u00e4pit\u00e4\u00e4 tietoja seuran mets\u00e4stysmaista. Tietojenkeruu ja my\u00f6hemmin mahdollinen lupien hakeminen tehd\u00e4\u00e4n sitten n\u00e4iden aluetietojen perusteella. Reviiri ja Oma riista eiv\u00e4t kuitenkaan ole j\u00e4rjestelmin\u00e4 p\u00e4\u00e4llekk\u00e4isi\u00e4, vaan toisiaan t\u00e4ydent\u00e4vi\u00e4. Mit\u00e4<\/p>\n<p class=\"more-link\"><a href=\"https:\/\/reviiri.org\/?page_id=11487\" class=\"themebutton2\">READ MORE<\/a><\/p>\n","protected":false},"author":5,"featured_media":0,"parent":0,"menu_order":0,"comment_status":"closed","ping_status":"closed","template":"","meta":{"footnotes":""},"categories":[],"tags":[],"class_list":["post-11487","page","type-page","status-publish","hentry"],"_links":{"self":[{"href":"https:\/\/reviiri.org\/index.php?rest_route=\/wp\/v2\/pages\/11487","targetHints":{"allow":["GET"]}}],"collection":[{"href":"https:\/\/reviiri.org\/index.php?rest_route=\/wp\/v2\/pages"}],"about":[{"href":"https:\/\/reviiri.org\/index.php?rest_route=\/wp\/v2\/types\/page"}],"author":[{"embeddable":true,"href":"https:\/\/reviiri.org\/index.php?rest_route=\/wp\/v2\/users\/5"}],"replies":[{"embeddable":true,"href":"https:\/\/reviiri.org\/index.php?rest_route=%2Fwp%2Fv2%2Fcomments&post=11487"}],"version-history":[{"count":9,"href":"https:\/\/reviiri.org\/index.php?rest_route=\/wp\/v2\/pages\/11487\/revisions"}],"predecessor-version":[{"id":11516,"href":"https:\/\/reviiri.org\/index.php?rest_route=\/wp\/v2\/pages\/11487\/revisions\/11516"}],"wp:attachment":[{"href":"https:\/\/reviiri.org\/index.php?rest_route=%2Fwp%2Fv2%2Fmedia&parent=11487"}],"wp:term":[{"taxonomy":"category","embeddable":true,"href":"https:\/\/reviiri.org\/index.php?rest_route=%2Fwp%2Fv2%2Fcategories&post=11487"},{"taxonomy":"post_tag","embeddable":true,"href":"https:\/\/reviiri.org\/index.php?rest_route=%2Fwp%2Fv2%2Ftags&post=11487"}],"curies":[{"name":"wp","href":"https:\/\/api.w.org\/{rel}","templated":true}]}}