{"id":11548,"date":"2017-01-02T09:49:47","date_gmt":"2017-01-02T07:49:47","guid":{"rendered":"http:\/\/reviiri.org\/?page_id=11548"},"modified":"2017-02-16T11:07:50","modified_gmt":"2017-02-16T09:07:50","slug":"karttatulosteet-2","status":"publish","type":"page","link":"https:\/\/reviiri.org\/?page_id=11548&lang=en","title":{"rendered":"Karttatulosteet"},"content":{"rendered":"<h3>Reviirin karttatulosteominaisuudet<\/h3>\n<p>Kaiken Reviiriin ker\u00e4tyn informaation saa esitetty\u00e4 kootusti karttapohjalla juuri haluamallaan tavalla, ja tuotettua koosteesta sitten tulosteen joko digitaalisena PDF- tai rasteritulosteena tai suoraan fyysisen\u00e4 paperi- tai vinyylitulosteena. T\u00e4t\u00e4 toiminnallisuutta hallitaan\u00a0<em>Karttatulosteet<\/em>-v\u00e4lilehden kautta.<\/p>\n<h3>Tulostekaavat ja tulosteet<\/h3>\n<p>Reviirin tulosteet rakentuvat kaavojen p\u00e4\u00e4lle. Kaava m\u00e4\u00e4rittelee, mit\u00e4 tietoja kartalla n\u00e4ytet\u00e4\u00e4n ja mill\u00e4 tavalla. Kaavasta saa sitten muodostettua yksitt\u00e4isi\u00e4 tulosteita. T\u00e4ll\u00f6in on helppo m\u00e4\u00e4ritell\u00e4 vaikkapa seuran mets\u00e4stysalueiden rajat esitett\u00e4v\u00e4ksi halutun kaltaisina, ja ottaa sitten samann\u00e4k\u00f6isi\u00e4 tulosteita esimerkiksi digitaalisessa muodossa ja paperilla, ja tehd\u00e4 uusia samann\u00e4k\u00f6isi\u00e4 tulosteita kun mets\u00e4stysalueet muuttuvat.<\/p>\n<p><em>Karttatulosteet<\/em>-v\u00e4lilehden yl\u00e4osassa n\u00e4kyv\u00e4t j\u00e4rjestelm\u00e4n tarjoamat valmiit tulostekaavat sek\u00e4 seuran omat itse tehdyt kaavat. Kaavan vieress\u00e4 oleva printterin kuvan sis\u00e4lt\u00e4v\u00e4 nappi tekee kaavan pohjalta uuden tulosteen. Tehdyt tulosteet n\u00e4kyv\u00e4t kaavojen alapuolella olevassa listassa. Digitaaliset tulosteet n\u00e4kyv\u00e4t listassa kahden viikon ajan valmistumisestaan, fyysiset tulosteet siihen saakka kun ne erikseen kuitataan pois listalta.<\/p>\n<div class=\"arconix-column-two-thirds\"><div class=\"arconix-box arconix-box-lgrey\"><i class='fa fa-2x pull-left fa-info-circle'><\/i><div class=\"arconix-box-content\">Digitaaliset tulosteet s\u00e4ilyv\u00e4t ladattavissa tulosteen valmistumisen j\u00e4lkeen 14 p\u00e4iv\u00e4n ajan. Lataa tulosteet itsellesi tuon ajan kuluessa.<\/div><\/div><\/div>\n<h3>Tulostekaavojen suunnittelu<\/h3>\n<p>Tulostekaavat suunnitellaan n\u00e4kym\u00e4ss\u00e4, jossa ruutu on jaettu kahtia. Toisella puolella on muokkausn\u00e4kym\u00e4, jossa kartalla olevia elementtej\u00e4 lis\u00e4t\u00e4\u00e4n ja muokataan. Rinnalla on\u00a0karttan\u00e4kym\u00e4, jossa n\u00e4ytet\u00e4\u00e4n esikatselun\u00e4kym\u00e4 valmiista tulosteesta. Esikatselun\u00e4kym\u00e4 ei kuitenkaan v\u00e4ltt\u00e4m\u00e4tt\u00e4 t\u00e4ysin vastaa lopullista tulostetta, joten siihen ei kannata luottaa liikaa.<\/p>\n<h4>Perustiedot<\/h4>\n<p>Kaavaeditorissa n\u00e4kyvist\u00e4 tiedoista ensimm\u00e4isen\u00e4 ovat kaavan perustiedot:<\/p>\n<ul>\n<li>Kaavalla on nimi, joka n\u00e4kyy ainoastaan\u00a0<em>Karttatulosteet<\/em>-v\u00e4lilehden luettelossa &#8211; sit\u00e4 ei siis n\u00e4ytet\u00e4 varsinaisissa tulosteissa.<\/li>\n<li>Otsikkoteksti tulostetaan kartan yl\u00e4puolelle kartan otsikoksi.<\/li>\n<li>Tulostuskooksi voi valita jonkin standardikoon A5 &#8211; 4A0 tai vapaasti valitun koon. Tulosteen maksimikoko yhteen suuntaan voi olla 2,5 metri\u00e4 &#8211; toiseen suuntaan ei rajoitusta ole.<\/li>\n<li>Lis\u00e4marginaalim\u00e4\u00e4rityksell\u00e4 voi j\u00e4tt\u00e4\u00e4 tulosteen reunoihin ylim\u00e4\u00e4r\u00e4ist\u00e4 valkoista tilaa kiinnityksi\u00e4 tai vastaavia varten.<\/li>\n<li>Mittakaavan voi valita v\u00e4lille 1:5000 &#8211; 1:250000.<\/li>\n<li>Kohdistuksen voi m\u00e4\u00e4ritell\u00e4 automaattiseksi, jolloin tuloste asetellaan niin, ett\u00e4 kartan keskipiste on kartalla olevien elementtien keskipiste, tai sitten asettelun voi tehd\u00e4 k\u00e4sin.<\/li>\n<li>Karttatasoihin voi halutessaan m\u00e4\u00e4ritell\u00e4 tilarajat mukaan tai j\u00e4tt\u00e4\u00e4 ne pois tulosteesta. Tilarajoja ei saa n\u00e4kyviin 1:250000-mittakaavassa.<\/li>\n<li>Halutessaan tulosteen johonkin nurkaan voi m\u00e4\u00e4ritt\u00e4\u00e4 l\u00e4hestymiskartan. L\u00e4hestymiskartta on pienimittakaavainen karttapala, jossa n\u00e4kyy varsinaisen kartan sijainti isommassa yhteydess\u00e4.<\/li>\n<\/ul>\n<p>Tulostuskoon tai mittakaavan voi halutessaan m\u00e4\u00e4ritell\u00e4 my\u00f6s automaattiseksi. T\u00e4ll\u00f6in j\u00e4rjestelm\u00e4 valitsee automaattiseksi j\u00e4tetyn arvon niin, ett\u00e4 kaikki tulosteeseen valitut elementit mahtuvat sopivasti n\u00e4kyviin.<\/p>\n<h4>Sopimusalueet<\/h4>\n<p>Tulostekaavaan voi lis\u00e4t\u00e4 haluamansa sopimusalueet seuran sopimuskannasta m\u00e4\u00e4rittelem\u00e4ll\u00e4 suodattimen mets\u00e4stett\u00e4vien lajien perusteella. Sopimusalueiden ulkopuolisille alueille, itse sopimusalueille, ja alueiden sis\u00e4ll\u00e4 oleville rei&#8217;ille voi m\u00e4\u00e4ritell\u00e4 erilaiset t\u00e4ytt\u00f6v\u00e4rit ja -kuviot. Lis\u00e4ksi alueen ulko- ja sis\u00e4rajoille voi m\u00e4\u00e4ritell\u00e4 viivat.<\/p>\n<h4>Karttamerkinn\u00e4t<\/h4>\n<p>Seuran karttamerkinn\u00f6ist\u00e4 voi sis\u00e4llytt\u00e4\u00e4 karttatulosteeseen haluamansa joukon m\u00e4\u00e4rittelem\u00e4ll\u00e4\u00a0<em>sis\u00e4llytet\u00e4\u00e4n<\/em>&#8211; ja <i>j\u00e4tet\u00e4\u00e4n pois<\/i> -suodattimet haluamallaan tavalla. T\u00e4ytt\u00f6jen ja viivojen v\u00e4rit, symbolien koon, ja merkint\u00f6jen nimien tiedot voi m\u00e4\u00e4ritell\u00e4 valitulle joukolle.<\/p>\n<h4>Vapaa teksti<\/h4>\n<p>Vapaa teksti -elementill\u00e4 saa lis\u00e4tty\u00e4 tulosteeseen haluamansa v\u00e4risen ja kokoisen kiinte\u00e4n tekstin. T\u00e4ll\u00e4 tavalla voi lis\u00e4t\u00e4 vaikkapa selitetekstej\u00e4 k\u00e4ytt\u00e4milleen v\u00e4rityksille. Toisin kuin muita karttaelementtej\u00e4, n\u00e4it\u00e4 tekstej\u00e4 voi muokata\u00a0karttan\u00e4kym\u00e4ss\u00e4 siirt\u00e4m\u00e4ll\u00e4 niit\u00e4 tekstin keskikohdasta kiinni tarttuen. Kun uusi vapaa teksti lis\u00e4t\u00e4\u00e4n, se asetetaan ensimm\u00e4iseksi senhetkisen n\u00e4kym\u00e4n keskelle.<\/p>\n<h4>Karttan\u00e4kym\u00e4<\/h4>\n<p>Kartan esikatselun\u00e4kym\u00e4ss\u00e4 valittu tulostekoko ja sijoittelu n\u00e4kyy tummanharmaana rajauksena. Tummanharmaan alueen ulkoreuna on tulosteen ulkoraja ja harmaat alueet ovat tulosteen marginaaleja. Mik\u00e4li\u00a0k\u00e4yt\u00f6ss\u00e4 on k\u00e4siasettelu, harmaasta alueesta kiinni ottamalla voi tulosteen rajausta siirt\u00e4\u00e4, ja vapaata tulostuskokoa k\u00e4ytett\u00e4ess\u00e4 reunoista raahaamalla voi tulosteen kokoa muuttaa.<\/p>\n<h3>Tulosteiden suunnittelu<\/h3>\n<p>Kun tulostekaavasta tehd\u00e4\u00e4n tuloste, n\u00e4ytet\u00e4\u00e4n muokkausn\u00e4kym\u00e4 l\u00e4hes samanlaisena kuin kaavaakin suunniteltaessa. Tulosteeseen tehdyt muutokset vain eiv\u00e4t tallennu minnek\u00e4\u00e4n jatkok\u00e4ytt\u00f6\u00e4 varten, joten yleens\u00e4 laajemmat muokkaukset kannattaa aina tehd\u00e4 tulostekaavaan.<\/p>\n<p>Tulostetta teht\u00e4ess\u00e4 lis\u00e4tietona tulee valita tulosteen tyyppi. Digitaaliset tulosteet (PDF-dokumentit, rasterikuvat) ovat ilmaisia puolen neli\u00f6metrin kokoon saakka (esim. A1). T\u00e4t\u00e4 isommat digitaaliset tulosteet ja kaikki paperi- ja vinyylitulosteet maksetaan tulosteen tekemisen j\u00e4lkeen Reviirin verkkokaupassa. Maksun j\u00e4lkeen tulostusty\u00f6t sirtyv\u00e4t tulostusjonoon ja ty\u00f6n valmistuttua digitaaliset tulosteet saa ladattua itselleen. Fyysiset tulosteet postitetaan annettuun toimitusosoitteeseen.<\/p>\n","protected":false},"excerpt":{"rendered":"<p>Reviirin karttatulosteominaisuudet Kaiken Reviiriin ker\u00e4tyn informaation saa esitetty\u00e4 kootusti karttapohjalla juuri haluamallaan tavalla, ja tuotettua koosteesta sitten tulosteen joko digitaalisena PDF- tai rasteritulosteena tai suoraan fyysisen\u00e4 paperi- tai vinyylitulosteena. T\u00e4t\u00e4 toiminnallisuutta hallitaan\u00a0Karttatulosteet-v\u00e4lilehden kautta. Tulostekaavat ja tulosteet Reviirin tulosteet rakentuvat kaavojen p\u00e4\u00e4lle. Kaava m\u00e4\u00e4rittelee, mit\u00e4 tietoja kartalla n\u00e4ytet\u00e4\u00e4n ja mill\u00e4 tavalla. Kaavasta saa sitten muodostettua yksitt\u00e4isi\u00e4<\/p>\n<p class=\"more-link\"><a href=\"https:\/\/reviiri.org\/?page_id=11548&#038;lang=en\" class=\"themebutton2\">READ MORE<\/a><\/p>\n","protected":false},"author":3,"featured_media":0,"parent":11272,"menu_order":0,"comment_status":"closed","ping_status":"closed","template":"","meta":{"footnotes":""},"categories":[],"tags":[],"class_list":["post-11548","page","type-page","status-publish","hentry"],"_links":{"self":[{"href":"https:\/\/reviiri.org\/index.php?rest_route=\/wp\/v2\/pages\/11548","targetHints":{"allow":["GET"]}}],"collection":[{"href":"https:\/\/reviiri.org\/index.php?rest_route=\/wp\/v2\/pages"}],"about":[{"href":"https:\/\/reviiri.org\/index.php?rest_route=\/wp\/v2\/types\/page"}],"author":[{"embeddable":true,"href":"https:\/\/reviiri.org\/index.php?rest_route=\/wp\/v2\/users\/3"}],"replies":[{"embeddable":true,"href":"https:\/\/reviiri.org\/index.php?rest_route=%2Fwp%2Fv2%2Fcomments&post=11548"}],"version-history":[{"count":1,"href":"https:\/\/reviiri.org\/index.php?rest_route=\/wp\/v2\/pages\/11548\/revisions"}],"predecessor-version":[{"id":11549,"href":"https:\/\/reviiri.org\/index.php?rest_route=\/wp\/v2\/pages\/11548\/revisions\/11549"}],"up":[{"embeddable":true,"href":"https:\/\/reviiri.org\/index.php?rest_route=\/wp\/v2\/pages\/11272"}],"wp:attachment":[{"href":"https:\/\/reviiri.org\/index.php?rest_route=%2Fwp%2Fv2%2Fmedia&parent=11548"}],"wp:term":[{"taxonomy":"category","embeddable":true,"href":"https:\/\/reviiri.org\/index.php?rest_route=%2Fwp%2Fv2%2Fcategories&post=11548"},{"taxonomy":"post_tag","embeddable":true,"href":"https:\/\/reviiri.org\/index.php?rest_route=%2Fwp%2Fv2%2Ftags&post=11548"}],"curies":[{"name":"wp","href":"https:\/\/api.w.org\/{rel}","templated":true}]}}